
{"id":1577,"date":"2021-02-24T14:36:20","date_gmt":"2021-02-24T13:36:20","guid":{"rendered":"https:\/\/www.ivanoantonelloitalia.it\/?post_type=product&#038;p=1577"},"modified":"2021-02-24T14:42:16","modified_gmt":"2021-02-24T13:42:16","slug":"ketty","status":"publish","type":"product","link":"https:\/\/www.ivanoantonelloitalia.it\/it\/prodotto\/ketty\/","title":{"rendered":"KETTY"},"content":{"rendered":"","protected":false},"excerpt":{"rendered":"<p class=\"entrata\">Sedia struttura e gambe in legno, sedile e schienale in pelle, tessuto o ecopelle<\/p>\n<p>La sedia KETTY proposta da IvanoAntonelloItalia\u00ae \u00e8 pensata per soddisfare le esigenze dei clienti alla ricerca della comodit\u00e0. La struttura che la rende particolarmente importante \u00e8 in legno. Le gambe in legno sono disponibili nelle varie finiture. La sua seduta estremamente confortevole pu\u00f2 essere rivestita in un\u2019ampia gamma di tessuti e di colori, oltre che in pelle o ecopelle come da campionario.<br \/>\n&nbsp;<\/p>\n<h5>Misure disponibili<\/h5>\n<p>cm. 52x57x84 h<\/p>\n","protected":false},"featured_media":1579,"template":"","meta":[],"class_list":["post-1577","product","type-product","status-publish","has-post-thumbnail","hentry","product_cat-sedie-e-sgabelli"],"yoast_head":"<!-- This site is optimized with the Yoast SEO plugin v27.5 - https:\/\/yoast.com\/product\/yoast-seo-wordpress\/ -->\n<title>KETTY - IvanoAntonelloItalia<\/title>\n<meta name=\"description\" content=\"Sedia struttura e gambe in legno, sedile e schienale in pelle, tessuto o ecopelle\" \/>\n<meta name=\"robots\" content=\"index, follow, max-snippet:-1, max-image-preview:large, max-video-preview:-1\" \/>\n<link rel=\"canonical\" href=\"https:\/\/www.ivanoantonelloitalia.it\/it\/prodotto\/ketty\/\" \/>\n<meta property=\"og:locale\" content=\"it_IT\" \/>\n<meta property=\"og:type\" content=\"article\" \/>\n<meta property=\"og:title\" content=\"KETTY - IvanoAntonelloItalia\" \/>\n<meta property=\"og:description\" content=\"Sedia struttura e gambe in legno, sedile e schienale in pelle, tessuto o ecopelle\" \/>\n<meta property=\"og:url\" content=\"https:\/\/www.ivanoantonelloitalia.it\/it\/prodotto\/ketty\/\" \/>\n<meta property=\"og:site_name\" content=\"IvanoAntonelloItalia\" \/>\n<meta property=\"article:publisher\" content=\"https:\/\/www.facebook.com\/AntonelloItalia.Furniture\/\" \/>\n<meta property=\"article:modified_time\" content=\"2021-02-24T13:42:16+00:00\" \/>\n<meta property=\"og:image\" content=\"https:\/\/www.ivanoantonelloitalia.it\/wp-content\/uploads\/2021\/02\/prodotto-dettaglio-ketty.jpg\" \/>\n\t<meta property=\"og:image:width\" content=\"910\" \/>\n\t<meta property=\"og:image:height\" content=\"1010\" \/>\n\t<meta property=\"og:image:type\" content=\"image\/jpeg\" \/>\n<meta name=\"twitter:card\" content=\"summary_large_image\" \/>\n<script type=\"application\/ld+json\" class=\"yoast-schema-graph\">{\"@context\":\"https:\\\/\\\/schema.org\",\"@graph\":[{\"@type\":\"WebPage\",\"@id\":\"https:\\\/\\\/www.ivanoantonelloitalia.it\\\/it\\\/prodotto\\\/ketty\\\/\",\"url\":\"https:\\\/\\\/www.ivanoantonelloitalia.it\\\/it\\\/prodotto\\\/ketty\\\/\",\"name\":\"KETTY - IvanoAntonelloItalia\",\"isPartOf\":{\"@id\":\"https:\\\/\\\/www.ivanoantonelloitalia.it\\\/it\\\/#website\"},\"primaryImageOfPage\":{\"@id\":\"https:\\\/\\\/www.ivanoantonelloitalia.it\\\/it\\\/prodotto\\\/ketty\\\/#primaryimage\"},\"image\":{\"@id\":\"https:\\\/\\\/www.ivanoantonelloitalia.it\\\/it\\\/prodotto\\\/ketty\\\/#primaryimage\"},\"thumbnailUrl\":\"https:\\\/\\\/www.ivanoantonelloitalia.it\\\/wp-content\\\/uploads\\\/2021\\\/02\\\/prodotto-dettaglio-ketty.jpg\",\"datePublished\":\"2021-02-24T13:36:20+00:00\",\"dateModified\":\"2021-02-24T13:42:16+00:00\",\"description\":\"Sedia struttura e gambe in legno, sedile e schienale in pelle, tessuto o ecopelle\",\"breadcrumb\":{\"@id\":\"https:\\\/\\\/www.ivanoantonelloitalia.it\\\/it\\\/prodotto\\\/ketty\\\/#breadcrumb\"},\"inLanguage\":\"it-IT\",\"potentialAction\":[{\"@type\":\"ReadAction\",\"target\":[\"https:\\\/\\\/www.ivanoantonelloitalia.it\\\/it\\\/prodotto\\\/ketty\\\/\"]}]},{\"@type\":\"ImageObject\",\"inLanguage\":\"it-IT\",\"@id\":\"https:\\\/\\\/www.ivanoantonelloitalia.it\\\/it\\\/prodotto\\\/ketty\\\/#primaryimage\",\"url\":\"https:\\\/\\\/www.ivanoantonelloitalia.it\\\/wp-content\\\/uploads\\\/2021\\\/02\\\/prodotto-dettaglio-ketty.jpg\",\"contentUrl\":\"https:\\\/\\\/www.ivanoantonelloitalia.it\\\/wp-content\\\/uploads\\\/2021\\\/02\\\/prodotto-dettaglio-ketty.jpg\",\"width\":910,\"height\":1010},{\"@type\":\"BreadcrumbList\",\"@id\":\"https:\\\/\\\/www.ivanoantonelloitalia.it\\\/it\\\/prodotto\\\/ketty\\\/#breadcrumb\",\"itemListElement\":[{\"@type\":\"ListItem\",\"position\":1,\"name\":\"Home\",\"item\":\"https:\\\/\\\/www.ivanoantonelloitalia.it\\\/it\\\/\"},{\"@type\":\"ListItem\",\"position\":2,\"name\":\"Shop\",\"item\":\"https:\\\/\\\/www.ivanoantonelloitalia.it\\\/it\\\/?page_id=8\"},{\"@type\":\"ListItem\",\"position\":3,\"name\":\"KETTY\"}]},{\"@type\":\"WebSite\",\"@id\":\"https:\\\/\\\/www.ivanoantonelloitalia.it\\\/it\\\/#website\",\"url\":\"https:\\\/\\\/www.ivanoantonelloitalia.it\\\/it\\\/\",\"name\":\"IvanoAntonelloItalia\",\"description\":\"Mobili e complementi per la casa\",\"publisher\":{\"@id\":\"https:\\\/\\\/www.ivanoantonelloitalia.it\\\/it\\\/#organization\"},\"potentialAction\":[{\"@type\":\"SearchAction\",\"target\":{\"@type\":\"EntryPoint\",\"urlTemplate\":\"https:\\\/\\\/www.ivanoantonelloitalia.it\\\/it\\\/?s={search_term_string}\"},\"query-input\":{\"@type\":\"PropertyValueSpecification\",\"valueRequired\":true,\"valueName\":\"search_term_string\"}}],\"inLanguage\":\"it-IT\"},{\"@type\":\"Organization\",\"@id\":\"https:\\\/\\\/www.ivanoantonelloitalia.it\\\/it\\\/#organization\",\"name\":\"IvanoAntonelloItalia\",\"url\":\"https:\\\/\\\/www.ivanoantonelloitalia.it\\\/it\\\/\",\"logo\":{\"@type\":\"ImageObject\",\"inLanguage\":\"it-IT\",\"@id\":\"https:\\\/\\\/www.ivanoantonelloitalia.it\\\/it\\\/#\\\/schema\\\/logo\\\/image\\\/\",\"url\":\"https:\\\/\\\/www.ivanoantonelloitalia.it\\\/wp-content\\\/uploads\\\/2020\\\/09\\\/logo-provvisorio02.png\",\"contentUrl\":\"https:\\\/\\\/www.ivanoantonelloitalia.it\\\/wp-content\\\/uploads\\\/2020\\\/09\\\/logo-provvisorio02.png\",\"width\":500,\"height\":47,\"caption\":\"IvanoAntonelloItalia\"},\"image\":{\"@id\":\"https:\\\/\\\/www.ivanoantonelloitalia.it\\\/it\\\/#\\\/schema\\\/logo\\\/image\\\/\"},\"sameAs\":[\"https:\\\/\\\/www.facebook.com\\\/AntonelloItalia.Furniture\\\/\",\"https:\\\/\\\/it.linkedin.com\\\/in\\\/antonelloitalia\"]}]}<\/script>\n<!-- \/ Yoast SEO plugin. -->","yoast_head_json":{"title":"KETTY - IvanoAntonelloItalia","description":"Sedia struttura e gambe in legno, sedile e schienale in pelle, tessuto o ecopelle","robots":{"index":"index","follow":"follow","max-snippet":"max-snippet:-1","max-image-preview":"max-image-preview:large","max-video-preview":"max-video-preview:-1"},"canonical":"https:\/\/www.ivanoantonelloitalia.it\/it\/prodotto\/ketty\/","og_locale":"it_IT","og_type":"article","og_title":"KETTY - IvanoAntonelloItalia","og_description":"Sedia struttura e gambe in legno, sedile e schienale in pelle, tessuto o ecopelle","og_url":"https:\/\/www.ivanoantonelloitalia.it\/it\/prodotto\/ketty\/","og_site_name":"IvanoAntonelloItalia","article_publisher":"https:\/\/www.facebook.com\/AntonelloItalia.Furniture\/","article_modified_time":"2021-02-24T13:42:16+00:00","og_image":[{"width":910,"height":1010,"url":"https:\/\/www.ivanoantonelloitalia.it\/wp-content\/uploads\/2021\/02\/prodotto-dettaglio-ketty.jpg","type":"image\/jpeg"}],"twitter_card":"summary_large_image","schema":{"@context":"https:\/\/schema.org","@graph":[{"@type":"WebPage","@id":"https:\/\/www.ivanoantonelloitalia.it\/it\/prodotto\/ketty\/","url":"https:\/\/www.ivanoantonelloitalia.it\/it\/prodotto\/ketty\/","name":"KETTY - IvanoAntonelloItalia","isPartOf":{"@id":"https:\/\/www.ivanoantonelloitalia.it\/it\/#website"},"primaryImageOfPage":{"@id":"https:\/\/www.ivanoantonelloitalia.it\/it\/prodotto\/ketty\/#primaryimage"},"image":{"@id":"https:\/\/www.ivanoantonelloitalia.it\/it\/prodotto\/ketty\/#primaryimage"},"thumbnailUrl":"https:\/\/www.ivanoantonelloitalia.it\/wp-content\/uploads\/2021\/02\/prodotto-dettaglio-ketty.jpg","datePublished":"2021-02-24T13:36:20+00:00","dateModified":"2021-02-24T13:42:16+00:00","description":"Sedia struttura e gambe in legno, sedile e schienale in pelle, tessuto o ecopelle","breadcrumb":{"@id":"https:\/\/www.ivanoantonelloitalia.it\/it\/prodotto\/ketty\/#breadcrumb"},"inLanguage":"it-IT","potentialAction":[{"@type":"ReadAction","target":["https:\/\/www.ivanoantonelloitalia.it\/it\/prodotto\/ketty\/"]}]},{"@type":"ImageObject","inLanguage":"it-IT","@id":"https:\/\/www.ivanoantonelloitalia.it\/it\/prodotto\/ketty\/#primaryimage","url":"https:\/\/www.ivanoantonelloitalia.it\/wp-content\/uploads\/2021\/02\/prodotto-dettaglio-ketty.jpg","contentUrl":"https:\/\/www.ivanoantonelloitalia.it\/wp-content\/uploads\/2021\/02\/prodotto-dettaglio-ketty.jpg","width":910,"height":1010},{"@type":"BreadcrumbList","@id":"https:\/\/www.ivanoantonelloitalia.it\/it\/prodotto\/ketty\/#breadcrumb","itemListElement":[{"@type":"ListItem","position":1,"name":"Home","item":"https:\/\/www.ivanoantonelloitalia.it\/it\/"},{"@type":"ListItem","position":2,"name":"Shop","item":"https:\/\/www.ivanoantonelloitalia.it\/it\/?page_id=8"},{"@type":"ListItem","position":3,"name":"KETTY"}]},{"@type":"WebSite","@id":"https:\/\/www.ivanoantonelloitalia.it\/it\/#website","url":"https:\/\/www.ivanoantonelloitalia.it\/it\/","name":"IvanoAntonelloItalia","description":"Mobili e complementi per la casa","publisher":{"@id":"https:\/\/www.ivanoantonelloitalia.it\/it\/#organization"},"potentialAction":[{"@type":"SearchAction","target":{"@type":"EntryPoint","urlTemplate":"https:\/\/www.ivanoantonelloitalia.it\/it\/?s={search_term_string}"},"query-input":{"@type":"PropertyValueSpecification","valueRequired":true,"valueName":"search_term_string"}}],"inLanguage":"it-IT"},{"@type":"Organization","@id":"https:\/\/www.ivanoantonelloitalia.it\/it\/#organization","name":"IvanoAntonelloItalia","url":"https:\/\/www.ivanoantonelloitalia.it\/it\/","logo":{"@type":"ImageObject","inLanguage":"it-IT","@id":"https:\/\/www.ivanoantonelloitalia.it\/it\/#\/schema\/logo\/image\/","url":"https:\/\/www.ivanoantonelloitalia.it\/wp-content\/uploads\/2020\/09\/logo-provvisorio02.png","contentUrl":"https:\/\/www.ivanoantonelloitalia.it\/wp-content\/uploads\/2020\/09\/logo-provvisorio02.png","width":500,"height":47,"caption":"IvanoAntonelloItalia"},"image":{"@id":"https:\/\/www.ivanoantonelloitalia.it\/it\/#\/schema\/logo\/image\/"},"sameAs":["https:\/\/www.facebook.com\/AntonelloItalia.Furniture\/","https:\/\/it.linkedin.com\/in\/antonelloitalia"]}]}},"_links":{"self":[{"href":"https:\/\/www.ivanoantonelloitalia.it\/it\/wp-json\/wp\/v2\/product\/1577","targetHints":{"allow":["GET"]}}],"collection":[{"href":"https:\/\/www.ivanoantonelloitalia.it\/it\/wp-json\/wp\/v2\/product"}],"about":[{"href":"https:\/\/www.ivanoantonelloitalia.it\/it\/wp-json\/wp\/v2\/types\/product"}],"wp:featuredmedia":[{"embeddable":true,"href":"https:\/\/www.ivanoantonelloitalia.it\/it\/wp-json\/wp\/v2\/media\/1579"}],"wp:attachment":[{"href":"https:\/\/www.ivanoantonelloitalia.it\/it\/wp-json\/wp\/v2\/media?parent=1577"}],"curies":[{"name":"wp","href":"https:\/\/api.w.org\/{rel}","templated":true}]}}