
{"id":3,"date":"2020-08-26T10:28:08","date_gmt":"2020-08-26T08:28:08","guid":{"rendered":"http:\/\/www.ivanoantonelloitalia.it\/?page_id=3"},"modified":"2020-10-06T10:23:50","modified_gmt":"2020-10-06T08:23:50","slug":"privacy","status":"publish","type":"page","link":"https:\/\/www.ivanoantonelloitalia.it\/it\/privacy\/","title":{"rendered":"Privacy Policy"},"content":{"rendered":"\n<figure class=\"wp-block-image size-large banner\"><img loading=\"lazy\" decoding=\"async\" width=\"1920\" height=\"500\" src=\"http:\/\/www.ivanoantonelloitalia.it\/wp-content\/uploads\/2020\/09\/contatti-banner.jpg\" alt=\"\" class=\"wp-image-948\" srcset=\"https:\/\/www.ivanoantonelloitalia.it\/wp-content\/uploads\/2020\/09\/contatti-banner.jpg 1920w, https:\/\/www.ivanoantonelloitalia.it\/wp-content\/uploads\/2020\/09\/contatti-banner-768x200.jpg 768w, https:\/\/www.ivanoantonelloitalia.it\/wp-content\/uploads\/2020\/09\/contatti-banner-1536x400.jpg 1536w, https:\/\/www.ivanoantonelloitalia.it\/wp-content\/uploads\/2020\/09\/contatti-banner-900x234.jpg 900w, https:\/\/www.ivanoantonelloitalia.it\/wp-content\/uploads\/2020\/09\/contatti-banner-385x100.jpg 385w\" sizes=\"auto, (max-width: 1920px) 100vw, 1920px\" \/><\/figure>\n\n\n\n<div style=\"height:90px\" aria-hidden=\"true\" class=\"wp-block-spacer space-coll\"><\/div>\n\n\n\n<div class=\"wp-block-group container\"><div class=\"wp-block-group__inner-container is-layout-flow wp-block-group-is-layout-flow\">\n<h1 class=\"wp-block-heading\"><strong>INFORMATIVA PER IL TRATTAMENTO DEI DATI PERSONALI<\/strong><\/h1>\n\n\n\n<h3 class=\"wp-block-heading\"><strong>(AI SENSI DELL\u2019ARTICOLO 13 E 14 DEL REGOLAMENTO EUROPEO N. 679\/16)<\/strong><\/h3>\n\n\n\n<p><\/p>\n\n\n\n<p>Il sito della <strong>IvanoAntonelloItalia di Ivano Antonello, <\/strong>fin dalla sua progettazione, intende garantire il rispetto dei principi sanciti IvanoAntonelloItalia di Ivano Antonello dal Regolamento UE n. 2016\/679 relativo alla protezione delle persone fisiche con particolare riguardo al Trattamento dei Dati Personali, nessuno escluso, nonch\u00e9 alla libera circolazione dei medesimi anche nell\u2019interesse pubblico coerentemente con il diritto alla trasparenza.<\/p>\n\n\n\n<div style=\"height:20px\" aria-hidden=\"true\" class=\"wp-block-spacer\"><\/div>\n\n\n\n<p>La <strong>IvanoAntonelloItalia di Ivano Antonello<\/strong> garantisce agli interessati la possibilit\u00e0 di interagire con il proprio portale per usufruire liberamente dei servizi richiesti come per esempio l\u2019invio di newsletter o informative per le quali l\u2019interessato ha espresso consapevolmente il consenso al trattamento. I dati personali trattati \u2013 eventualmente raccolti o forniti negli appositi form dal navigatore \u2013 ed ogni altro tipo di informazione pertinente, sono accessibili attraverso l\u2019indirizzo <strong>www.ivanoantonelloitalia.it<\/strong> corrispondente al sito ufficiale della <strong>IvanoAntonelloItalia di Ivano Antonello<\/strong><\/p>\n\n\n\n<div style=\"height:20px\" aria-hidden=\"true\" class=\"wp-block-spacer\"><\/div>\n\n\n\n<p>Con la presente informativa la <strong>IvanoAntonelloItalia di Ivano Antonello<\/strong>, oltre a descrivere le modalit\u00e0 di libera fruizione del sito, intende informare gli utenti ed i navigatori anche riguardo al trattamento dei dati personali e alle relative garanzie riconosciute dalla legge, ai sensi dell\u2019art. 13 del predetto \u201cRegolamento\u201d. Quest\u2019informativa \u00e8 resa esclusivamente per i dati personali contenuti o acquisiti durante la fruizione del sito della <strong>IvanoAntonelloItalia di Ivano Antonello<\/strong> e non per altri siti web (di cui IvanoAntonelloItalia di Ivano Antonello non \u00e8 responsabile o contitolare) che possono essere consultati dall\u2019utente tramite link.<\/p>\n\n\n\n<div style=\"height:20px\" aria-hidden=\"true\" class=\"wp-block-spacer\"><\/div>\n\n\n\n<p><strong>Titolare del trattamento<\/strong><\/p>\n\n\n\n<p>Titolare del trattamento dei dati personali \u00e8 la <strong>IvanoAntonelloItalia di Ivano Antonello<\/strong> nella persona del Legale Rappresentante protempore, domiciliato per la carica presso la sede istituzionale, attualmente il nominativo del Titolare \u00e8 il Sign. Ivano Antonello,reperibile a questo indirizzo: Via Nazionale 24\/D &#8211; 37047 San Bonifacio (VR) \u2013 Telefono: +39 0457 611400 &#8211; Email: <a href=\"mailto:info@ivanoantonelloitalia.it\">info@ivanoantonelloitalia.it<\/a><\/p>\n\n\n\n<div style=\"height:20px\" aria-hidden=\"true\" class=\"wp-block-spacer\"><\/div>\n\n\n\n<p><strong>Finalit\u00e0 del trattamento e base giuridica<\/strong><\/p>\n\n\n\n<p>I dati personali verranno trattati coerentemente ai servizi offerti dalla <strong>IvanoAntonelloItalia di Ivano Antonello<\/strong> attraverso il proprio portale per garantire la fornitura di beni e servizi pertinenti all\u2019oggetto dello statuto sociale nonch\u00e9 per permettere l\u2019attivit\u00e0 commerciale di marketing diretto (attivit\u00e0 per la quale la societ\u00e0 dispone di idoneo Registro del trattamento contenente le categorie di soggetti a cui si riferiscono i dati personali. Nell\u2019ambito di tali finalit\u00e0 il trattamento riguarda anche i dati relativi alle registrazioni al portale necessari per la gestione dei rapporti con la <strong>IvanoAntonelloItalia di Ivano Antonello<\/strong>, nonch\u00e9 per consentire un\u2019efficace comunicazione istituzionale e per adempiere ad eventuali obblighi di legge, regolamentari o contrattuali.<\/p>\n\n\n\n<div style=\"height:20px\" aria-hidden=\"true\" class=\"wp-block-spacer\"><\/div>\n\n\n\n<p><strong>Luogo e modalit\u00e0 del trattamento<\/strong><\/p>\n\n\n\n<p>I dati sono trattati esclusivamente nel Territorio Italiano da parte di personale istruito, formato e autorizzato al lecito trattamento dei dati secondo i principi di correttezza, liceit\u00e0, trasparenza, pertinenza e non eccedenza rispetto alle finalit\u00e0 di raccolta e di successivo trattamento. Il trattamento dei dati connessi ai servizi offerti dal sito della <strong>IvanoAntonelloItalia di Ivano Antonello<\/strong> avviene per il tempo strettamente necessario a conseguire le finalit\u00e0 prefissate dall\u2019utente stesso al quale sono riservate tutte le misure minime di sicurezza (e di riservatezza) volte a prevenire la perdita dei dati, usi illeciti o non corretti ovvero accessi non autorizzati. I dati personali forniti dagli utenti che si registrano o utilizzano i servizi del sito della <strong>IvanoAntonelloItalia di Ivano Antonello<\/strong> \u2013 quali <strong>nome, cognome, indirizzo e-mail, telefono, azienda e sito web<\/strong> \u2013 possono essere utilizzati per altre operazioni di trattamento in termini compatibili con gli scopi della raccolta come ad esempio l\u2019invio, mediante posta elettronica, di comunicazioni coerenti con il servizio offerto e richiesto. I dati personali degli utenti che richiedono documenti o materiale informativo (newsletter, risposte a quesiti, atti e provvedimenti, ecc.) sono utilizzati solo per eseguire il servizio o la prestazione richiesta e non sono oggetto di cessione o diffusione. Non \u00e8 previsto l\u2019uso di trattamenti automatizzati o processi decisionali automatizzati o volti a profilare il fruitore del sito istituzionale della <strong>IvanoAntonelloItalia di Ivano Antonello<\/strong><\/p>\n\n\n\n<div style=\"height:20px\" aria-hidden=\"true\" class=\"wp-block-spacer\"><\/div>\n\n\n\n<p><strong>Tipologia dei dati trattati e destinatari<\/strong><\/p>\n\n\n\n<p>Le categorie dei dati trattati nonch\u00e9 le categorie dei destinatari a cui si riferiscono i dati sono riportate nel Registro dei Trattamenti disponibile presso la sede della <strong>IvanoAntonelloItalia di Ivano Antonello<\/strong><\/p>\n\n\n\n<div style=\"height:20px\" aria-hidden=\"true\" class=\"wp-block-spacer\"><\/div>\n\n\n\n<p><strong>Periodo di conservazione<\/strong><\/p>\n\n\n\n<p>I dati verranno conservati per un periodo di tempo non superiore al conseguimento delle finalit\u00e0 sopra indicate (\u201cprincipio di limitazione della conservazione\u201d, art.5, del Regolamento UE) o in base alle scadenze previste dalle norme di legge.<\/p>\n\n\n\n<div style=\"height:20px\" aria-hidden=\"true\" class=\"wp-block-spacer\"><\/div>\n\n\n\n<p><strong>Trasferimento dei dati all\u2019estero<\/strong><\/p>\n\n\n\n<p>I dati non vengono trasferiti a paesi terzi al di fuori dello Spazio Economico Europeo.<\/p>\n\n\n\n<div style=\"height:20px\" aria-hidden=\"true\" class=\"wp-block-spacer\"><\/div>\n\n\n\n<p><strong>DIRITTI DELL\u2019INTERESSATO<\/strong><\/p>\n\n\n\n<p>I diritti dell\u2019interessato (rif. articoli 15\u00f721 del Regolamento UE) possono essere esercitati in qualsiasi momento e si riassumono nel diritto:<\/p>\n\n\n\n<ul class=\"wp-block-list\"><li>di ottenere la conferma dell\u2019esistenza o meno di un trattamento di dati personali che lo riguardano, e l\u2019accesso agli stessi;<\/li><li>di ottenere la rettifica dei dati senza ingiustificato ritardo, inclusa l\u2019integrazione dei dati;<\/li><li>di ottenere la cancellazione dei dati;<\/li><li>di ottenere la limitazione del trattamento e la comunicazione di eventuale revoca della stessa;<\/li><li>alla portabilit\u00e0 dei dati;<\/li><li>di proporre reclamo a un\u2019autorit\u00e0 di controllo.<\/li><\/ul>\n\n\n\n<p>Quanto sopra fatta salva l\u2019esistenza di motivi legittimi da parte del Titolare.<\/p>\n\n\n\n<h2 class=\"wp-block-heading\">&nbsp;<\/h2>\n\n\n\n<div style=\"height:20px\" aria-hidden=\"true\" class=\"wp-block-spacer\"><\/div>\n\n\n\n<h2 class=\"wp-block-heading\"><strong>INFORMATIVA SULL\u2019USO DEI COOKIES<\/strong><\/h2>\n\n\n\n<p>Il sito web, per un miglior funzionamento e per garantire servizi erogati da terze parti utilizza Cookies rilasciati dal TITOLARE o da terze parti.<\/p>\n\n\n\n<div style=\"height:20px\" aria-hidden=\"true\" class=\"wp-block-spacer\"><\/div>\n\n\n\n<p><strong>I cookie rilasciati dal TITOLARE<\/strong><\/p>\n\n\n\n<p>I cookies rilasciati dal TITOLARE navigando in questo sito web sono \u201ctecnici\u201d e sono quelli utilizzati al solo fine di <em>\u201ceffettuare la trasmissione di una comunicazione su una rete di comunicazione elettronica, o nella misura strettamente necessaria al fornitore di un servizio della societ\u00e0 dell\u2019informazione esplicitamente richiesto dall\u2019abbonato o dall\u2019utente a erogare tale servizio\u201d <\/em>(cfr. art. 122, comma 1, del Codice). Essi non vengono utilizzati per scopi ulteriori, e vengono installati con la normale navigazione nelle nostre pagine. Possono essere suddivisi in cookie di navigazione o di sessione, che garantiscono la normale navigazione e fruizione del sito web (permettendo di realizzare un acquisto o autenticarsi per accedere ad aree riservate); cookie di funzionalit\u00e0, che permettono all\u2019utente la navigazione in funzione di una serie di criteri selezionati (ad esempio, la lingua, i prodotti selezionati per l\u2019acquisto ecc.) al fine di migliorare il servizio reso allo stesso. Per l\u2019installazione di tali cookie non \u00e8 richiesto il preventivo consenso degli utenti, mentre resta fermo l\u2019obbligo di dare la presente informativa ai sensi dell\u2019art. 13 del Codice. Il presente sito non utilizza cookies di terze parti per finalit\u00e0 tecniche, di analisi o di profilazione e pubblicit\u00e0.<\/p>\n\n\n\n<div style=\"height:20px\" aria-hidden=\"true\" class=\"wp-block-spacer\"><\/div>\n\n\n\n<p><strong>Cookies di terze parti per finalit\u00e0 statistiche o tecniche<\/strong><\/p>\n\n\n\n<p>Nel corso della navigazione sul sito, l\u2019utente pu\u00f2 ricevere sul suo terminale anche cookie fornitori diversi (c.d. cookie di \u201cterze parti\u201d); ci\u00f2 accade perch\u00e9 sul sito web visitato possono essere presenti elementi che risiedono su server diversi da quello sul quale si trova la pagina richiesta. IL TITOLARE usa cookies di terze solo per finalit\u00e0 tecniche, ad esempio cookies rilasciati per analizzare statisticamente gli accessi\/le visite al sito (cookie cosiddetti \u201canalytics\u201d) o per permettere l\u2019utilizzo di parti di codice rilasciate da soggetti terzi, che garantiscono un miglior uso del servizio (autenticazioni, pagine di amministrazione ecc.)<\/p>\n\n\n\n<p>I cookies di terze parti utilizzati in questo sito e le modalit\u00e0 per gestire l\u2019opt out (la disattivazione dei medesimi) sono di seguito indicati:<\/p>\n\n\n\n<p><em>\u2013 <\/em><strong>Google Analytics<\/strong><em>:<\/em> servizio di analisi del traffico web fornito da Google, Inc. (\u201cGoogle\u201d).<\/p>\n\n\n\n<p>Tali cookie sono usati al solo fine di monitorare e migliorare le prestazioni del sito. Per ulteriori informazioni, si rinvia al link di seguito indicato: https:\/\/www.google.it\/policies\/privacy\/partners\/<\/p>\n\n\n\n<p>L\u2019utente pu\u00f2 disabilitare in modo selettivo l\u2019azione di Google Analytics installando sul proprio browser la componente di opt-out fornito da Google.<\/p>\n\n\n\n<p>Per disabilitare l\u2019azione di Google Analytics, si rinvia al link di seguito indicato: https:\/\/tools.google.com\/dlpage\/gaoptout<\/p>\n\n\n\n<p>Il presente sito non utilizza cookies propri o di terze parti per finalit\u00e0 di profilazione e pubblicit\u00e0.<\/p>\n<\/div><\/div>\n","protected":false},"excerpt":{"rendered":"<p>INFORMATIVA PER IL TRATTAMENTO DEI DATI PERSONALI (AI SENSI DELL\u2019ARTICOLO 13 E 14 DEL REGOLAMENTO EUROPEO N. 679\/16) Il sito della IvanoAntonelloItalia di Ivano Antonello, fin dalla sua progettazione, intende garantire il rispetto dei principi sanciti IvanoAntonelloItalia di Ivano Antonello dal Regolamento UE n. 2016\/679 relativo alla protezione delle persone fisiche con particolare riguardo al [&hellip;]<\/p>\n","protected":false},"author":1,"featured_media":0,"parent":0,"menu_order":0,"comment_status":"closed","ping_status":"open","template":"templates\/template-full-width.php","meta":{"footnotes":""},"class_list":["post-3","page","type-page","status-publish","hentry"],"yoast_head":"<!-- This site is optimized with the Yoast SEO plugin v27.5 - https:\/\/yoast.com\/product\/yoast-seo-wordpress\/ -->\n<title>Privacy Policy - IvanoAntonelloItalia<\/title>\n<meta name=\"robots\" content=\"noindex, follow\" \/>\n<meta property=\"og:locale\" content=\"it_IT\" \/>\n<meta property=\"og:type\" content=\"article\" \/>\n<meta property=\"og:title\" content=\"Privacy Policy - IvanoAntonelloItalia\" \/>\n<meta property=\"og:description\" content=\"INFORMATIVA PER IL TRATTAMENTO DEI DATI PERSONALI (AI SENSI DELL\u2019ARTICOLO 13 E 14 DEL REGOLAMENTO EUROPEO N. 679\/16) Il sito della IvanoAntonelloItalia di Ivano Antonello, fin dalla sua progettazione, intende garantire il rispetto dei principi sanciti IvanoAntonelloItalia di Ivano Antonello dal Regolamento UE n. 2016\/679 relativo alla protezione delle persone fisiche con particolare riguardo al [&hellip;]\" \/>\n<meta property=\"og:url\" content=\"https:\/\/www.ivanoantonelloitalia.it\/it\/privacy\/\" \/>\n<meta property=\"og:site_name\" content=\"IvanoAntonelloItalia\" \/>\n<meta property=\"article:publisher\" content=\"https:\/\/www.facebook.com\/AntonelloItalia.Furniture\/\" \/>\n<meta property=\"article:modified_time\" content=\"2020-10-06T08:23:50+00:00\" \/>\n<meta property=\"og:image\" content=\"http:\/\/www.ivanoantonelloitalia.it\/wp-content\/uploads\/2020\/09\/contatti-banner.jpg\" \/>\n<meta name=\"twitter:card\" content=\"summary_large_image\" \/>\n<script type=\"application\/ld+json\" class=\"yoast-schema-graph\">{\"@context\":\"https:\\\/\\\/schema.org\",\"@graph\":[{\"@type\":\"WebPage\",\"@id\":\"https:\\\/\\\/www.ivanoantonelloitalia.it\\\/it\\\/privacy\\\/\",\"url\":\"https:\\\/\\\/www.ivanoantonelloitalia.it\\\/it\\\/privacy\\\/\",\"name\":\"Privacy Policy - IvanoAntonelloItalia\",\"isPartOf\":{\"@id\":\"https:\\\/\\\/www.ivanoantonelloitalia.it\\\/it\\\/#website\"},\"primaryImageOfPage\":{\"@id\":\"https:\\\/\\\/www.ivanoantonelloitalia.it\\\/it\\\/privacy\\\/#primaryimage\"},\"image\":{\"@id\":\"https:\\\/\\\/www.ivanoantonelloitalia.it\\\/it\\\/privacy\\\/#primaryimage\"},\"thumbnailUrl\":\"http:\\\/\\\/www.ivanoantonelloitalia.it\\\/wp-content\\\/uploads\\\/2020\\\/09\\\/contatti-banner.jpg\",\"datePublished\":\"2020-08-26T08:28:08+00:00\",\"dateModified\":\"2020-10-06T08:23:50+00:00\",\"breadcrumb\":{\"@id\":\"https:\\\/\\\/www.ivanoantonelloitalia.it\\\/it\\\/privacy\\\/#breadcrumb\"},\"inLanguage\":\"it-IT\",\"potentialAction\":[{\"@type\":\"ReadAction\",\"target\":[\"https:\\\/\\\/www.ivanoantonelloitalia.it\\\/it\\\/privacy\\\/\"]}]},{\"@type\":\"ImageObject\",\"inLanguage\":\"it-IT\",\"@id\":\"https:\\\/\\\/www.ivanoantonelloitalia.it\\\/it\\\/privacy\\\/#primaryimage\",\"url\":\"http:\\\/\\\/www.ivanoantonelloitalia.it\\\/wp-content\\\/uploads\\\/2020\\\/09\\\/contatti-banner.jpg\",\"contentUrl\":\"http:\\\/\\\/www.ivanoantonelloitalia.it\\\/wp-content\\\/uploads\\\/2020\\\/09\\\/contatti-banner.jpg\"},{\"@type\":\"BreadcrumbList\",\"@id\":\"https:\\\/\\\/www.ivanoantonelloitalia.it\\\/it\\\/privacy\\\/#breadcrumb\",\"itemListElement\":[{\"@type\":\"ListItem\",\"position\":1,\"name\":\"Home\",\"item\":\"https:\\\/\\\/www.ivanoantonelloitalia.it\\\/it\\\/\"},{\"@type\":\"ListItem\",\"position\":2,\"name\":\"Privacy Policy\"}]},{\"@type\":\"WebSite\",\"@id\":\"https:\\\/\\\/www.ivanoantonelloitalia.it\\\/it\\\/#website\",\"url\":\"https:\\\/\\\/www.ivanoantonelloitalia.it\\\/it\\\/\",\"name\":\"IvanoAntonelloItalia\",\"description\":\"Mobili e complementi per la casa\",\"publisher\":{\"@id\":\"https:\\\/\\\/www.ivanoantonelloitalia.it\\\/it\\\/#organization\"},\"potentialAction\":[{\"@type\":\"SearchAction\",\"target\":{\"@type\":\"EntryPoint\",\"urlTemplate\":\"https:\\\/\\\/www.ivanoantonelloitalia.it\\\/it\\\/?s={search_term_string}\"},\"query-input\":{\"@type\":\"PropertyValueSpecification\",\"valueRequired\":true,\"valueName\":\"search_term_string\"}}],\"inLanguage\":\"it-IT\"},{\"@type\":\"Organization\",\"@id\":\"https:\\\/\\\/www.ivanoantonelloitalia.it\\\/it\\\/#organization\",\"name\":\"IvanoAntonelloItalia\",\"url\":\"https:\\\/\\\/www.ivanoantonelloitalia.it\\\/it\\\/\",\"logo\":{\"@type\":\"ImageObject\",\"inLanguage\":\"it-IT\",\"@id\":\"https:\\\/\\\/www.ivanoantonelloitalia.it\\\/it\\\/#\\\/schema\\\/logo\\\/image\\\/\",\"url\":\"https:\\\/\\\/www.ivanoantonelloitalia.it\\\/wp-content\\\/uploads\\\/2020\\\/09\\\/logo-provvisorio02.png\",\"contentUrl\":\"https:\\\/\\\/www.ivanoantonelloitalia.it\\\/wp-content\\\/uploads\\\/2020\\\/09\\\/logo-provvisorio02.png\",\"width\":500,\"height\":47,\"caption\":\"IvanoAntonelloItalia\"},\"image\":{\"@id\":\"https:\\\/\\\/www.ivanoantonelloitalia.it\\\/it\\\/#\\\/schema\\\/logo\\\/image\\\/\"},\"sameAs\":[\"https:\\\/\\\/www.facebook.com\\\/AntonelloItalia.Furniture\\\/\",\"https:\\\/\\\/it.linkedin.com\\\/in\\\/antonelloitalia\"]}]}<\/script>\n<!-- \/ Yoast SEO plugin. -->","yoast_head_json":{"title":"Privacy Policy - IvanoAntonelloItalia","robots":{"index":"noindex","follow":"follow"},"og_locale":"it_IT","og_type":"article","og_title":"Privacy Policy - IvanoAntonelloItalia","og_description":"INFORMATIVA PER IL TRATTAMENTO DEI DATI PERSONALI (AI SENSI DELL\u2019ARTICOLO 13 E 14 DEL REGOLAMENTO EUROPEO N. 679\/16) Il sito della IvanoAntonelloItalia di Ivano Antonello, fin dalla sua progettazione, intende garantire il rispetto dei principi sanciti IvanoAntonelloItalia di Ivano Antonello dal Regolamento UE n. 2016\/679 relativo alla protezione delle persone fisiche con particolare riguardo al [&hellip;]","og_url":"https:\/\/www.ivanoantonelloitalia.it\/it\/privacy\/","og_site_name":"IvanoAntonelloItalia","article_publisher":"https:\/\/www.facebook.com\/AntonelloItalia.Furniture\/","article_modified_time":"2020-10-06T08:23:50+00:00","og_image":[{"url":"http:\/\/www.ivanoantonelloitalia.it\/wp-content\/uploads\/2020\/09\/contatti-banner.jpg","type":"","width":"","height":""}],"twitter_card":"summary_large_image","schema":{"@context":"https:\/\/schema.org","@graph":[{"@type":"WebPage","@id":"https:\/\/www.ivanoantonelloitalia.it\/it\/privacy\/","url":"https:\/\/www.ivanoantonelloitalia.it\/it\/privacy\/","name":"Privacy Policy - IvanoAntonelloItalia","isPartOf":{"@id":"https:\/\/www.ivanoantonelloitalia.it\/it\/#website"},"primaryImageOfPage":{"@id":"https:\/\/www.ivanoantonelloitalia.it\/it\/privacy\/#primaryimage"},"image":{"@id":"https:\/\/www.ivanoantonelloitalia.it\/it\/privacy\/#primaryimage"},"thumbnailUrl":"http:\/\/www.ivanoantonelloitalia.it\/wp-content\/uploads\/2020\/09\/contatti-banner.jpg","datePublished":"2020-08-26T08:28:08+00:00","dateModified":"2020-10-06T08:23:50+00:00","breadcrumb":{"@id":"https:\/\/www.ivanoantonelloitalia.it\/it\/privacy\/#breadcrumb"},"inLanguage":"it-IT","potentialAction":[{"@type":"ReadAction","target":["https:\/\/www.ivanoantonelloitalia.it\/it\/privacy\/"]}]},{"@type":"ImageObject","inLanguage":"it-IT","@id":"https:\/\/www.ivanoantonelloitalia.it\/it\/privacy\/#primaryimage","url":"http:\/\/www.ivanoantonelloitalia.it\/wp-content\/uploads\/2020\/09\/contatti-banner.jpg","contentUrl":"http:\/\/www.ivanoantonelloitalia.it\/wp-content\/uploads\/2020\/09\/contatti-banner.jpg"},{"@type":"BreadcrumbList","@id":"https:\/\/www.ivanoantonelloitalia.it\/it\/privacy\/#breadcrumb","itemListElement":[{"@type":"ListItem","position":1,"name":"Home","item":"https:\/\/www.ivanoantonelloitalia.it\/it\/"},{"@type":"ListItem","position":2,"name":"Privacy Policy"}]},{"@type":"WebSite","@id":"https:\/\/www.ivanoantonelloitalia.it\/it\/#website","url":"https:\/\/www.ivanoantonelloitalia.it\/it\/","name":"IvanoAntonelloItalia","description":"Mobili e complementi per la casa","publisher":{"@id":"https:\/\/www.ivanoantonelloitalia.it\/it\/#organization"},"potentialAction":[{"@type":"SearchAction","target":{"@type":"EntryPoint","urlTemplate":"https:\/\/www.ivanoantonelloitalia.it\/it\/?s={search_term_string}"},"query-input":{"@type":"PropertyValueSpecification","valueRequired":true,"valueName":"search_term_string"}}],"inLanguage":"it-IT"},{"@type":"Organization","@id":"https:\/\/www.ivanoantonelloitalia.it\/it\/#organization","name":"IvanoAntonelloItalia","url":"https:\/\/www.ivanoantonelloitalia.it\/it\/","logo":{"@type":"ImageObject","inLanguage":"it-IT","@id":"https:\/\/www.ivanoantonelloitalia.it\/it\/#\/schema\/logo\/image\/","url":"https:\/\/www.ivanoantonelloitalia.it\/wp-content\/uploads\/2020\/09\/logo-provvisorio02.png","contentUrl":"https:\/\/www.ivanoantonelloitalia.it\/wp-content\/uploads\/2020\/09\/logo-provvisorio02.png","width":500,"height":47,"caption":"IvanoAntonelloItalia"},"image":{"@id":"https:\/\/www.ivanoantonelloitalia.it\/it\/#\/schema\/logo\/image\/"},"sameAs":["https:\/\/www.facebook.com\/AntonelloItalia.Furniture\/","https:\/\/it.linkedin.com\/in\/antonelloitalia"]}]}},"_links":{"self":[{"href":"https:\/\/www.ivanoantonelloitalia.it\/it\/wp-json\/wp\/v2\/pages\/3","targetHints":{"allow":["GET"]}}],"collection":[{"href":"https:\/\/www.ivanoantonelloitalia.it\/it\/wp-json\/wp\/v2\/pages"}],"about":[{"href":"https:\/\/www.ivanoantonelloitalia.it\/it\/wp-json\/wp\/v2\/types\/page"}],"author":[{"embeddable":true,"href":"https:\/\/www.ivanoantonelloitalia.it\/it\/wp-json\/wp\/v2\/users\/1"}],"replies":[{"embeddable":true,"href":"https:\/\/www.ivanoantonelloitalia.it\/it\/wp-json\/wp\/v2\/comments?post=3"}],"version-history":[{"count":15,"href":"https:\/\/www.ivanoantonelloitalia.it\/it\/wp-json\/wp\/v2\/pages\/3\/revisions"}],"predecessor-version":[{"id":1254,"href":"https:\/\/www.ivanoantonelloitalia.it\/it\/wp-json\/wp\/v2\/pages\/3\/revisions\/1254"}],"wp:attachment":[{"href":"https:\/\/www.ivanoantonelloitalia.it\/it\/wp-json\/wp\/v2\/media?parent=3"}],"curies":[{"name":"wp","href":"https:\/\/api.w.org\/{rel}","templated":true}]}}