
{"id":225,"date":"2020-08-31T11:30:49","date_gmt":"2020-08-31T09:30:49","guid":{"rendered":"http:\/\/www.ivanoantonelloitalia.it\/?page_id=225"},"modified":"2020-09-29T09:15:43","modified_gmt":"2020-09-29T07:15:43","slug":"servizio-a-360","status":"publish","type":"page","link":"https:\/\/www.ivanoantonelloitalia.it\/it\/servizio-a-360\/","title":{"rendered":"Servizio a 360\u00b0"},"content":{"rendered":"\n<figure class=\"wp-block-image size-large banner\"><img loading=\"lazy\" decoding=\"async\" width=\"1920\" height=\"500\" src=\"http:\/\/www.ivanoantonelloitalia.it\/wp-content\/uploads\/2020\/09\/consegna-banner.jpg\" alt=\"\" class=\"wp-image-996\" srcset=\"https:\/\/www.ivanoantonelloitalia.it\/wp-content\/uploads\/2020\/09\/consegna-banner.jpg 1920w, https:\/\/www.ivanoantonelloitalia.it\/wp-content\/uploads\/2020\/09\/consegna-banner-768x200.jpg 768w, https:\/\/www.ivanoantonelloitalia.it\/wp-content\/uploads\/2020\/09\/consegna-banner-1536x400.jpg 1536w, https:\/\/www.ivanoantonelloitalia.it\/wp-content\/uploads\/2020\/09\/consegna-banner-900x234.jpg 900w, https:\/\/www.ivanoantonelloitalia.it\/wp-content\/uploads\/2020\/09\/consegna-banner-385x100.jpg 385w\" sizes=\"auto, (max-width: 1920px) 100vw, 1920px\" \/><\/figure>\n\n\n\n<div class=\"wp-block-group\"><div class=\"wp-block-group__inner-container is-layout-flow wp-block-group-is-layout-flow\">\n<div style=\"height:90px\" aria-hidden=\"true\" class=\"wp-block-spacer space-coll\"><\/div>\n\n\n\n<h1 class=\"has-text-align-center wp-block-heading\">SERVIZIO A 360\u00b0<\/h1>\n\n\n\n<div style=\"height:20px\" aria-hidden=\"true\" class=\"wp-block-spacer\"><\/div>\n\n\n\n<p class=\"has-text-align-center cons\">IvanoAntonelloItalia non \u00e8 solo produzione di qualit\u00e0. \u00c8 un vero <strong>servizio d\u2019arredo<\/strong>, dalla consulenza progettuale alla consegna post vendita. I nostri pezzi di design, ideati e prodotti interamente in Italia, arrivano in tutto il mondo in modo sicuro. Ogni prodotto \u00e8 accompagnato dalle <strong>istruzioni di montaggio<\/strong> ma possiamo offrirvi anche il nostro supporto a distanza. Cos\u00ec chi ci sceglie \u00e8 sempre sicuro di averci visto giusto.<\/p>\n\n\n\n<div style=\"height:90px\" aria-hidden=\"true\" class=\"wp-block-spacer space-coll\"><\/div>\n\n\n\n<div class=\"wp-block-group position-relative\"><div class=\"wp-block-group__inner-container is-layout-flow wp-block-group-is-layout-flow\">\n<div class=\"gruppo-video\">\n<video autoplay=\"\" muted=\"\" loop=\"\" id=\"myVideo\">\n  <source src=\"\/wp-content\/uploads\/2020\/09\/World-03.mp4\" type=\"video\/mp4\">\n<\/video>\n<\/div>\n<div class=\"testo-video\">\n<h3 style=\"font-size:30px\" class=\"text-center text-white text-uppercase\"> Spedizioni <b>oltre<\/b> ogni confine<\/h3>\n<p class=\"text-center text-white\">Organizziamo spedizioni in ogni parte del mondo, per qualsiasi tipologia di prodotto. Oggi i nostri clienti sono in tutti i continenti e a tutte le latitudini.<\/p>\n<\/div>\n<\/div><\/div>\n<\/div><\/div>\n\n\n\n<div style=\"height:90px\" aria-hidden=\"true\" class=\"wp-block-spacer space-coll\"><\/div>\n\n\n\n<div class=\"wp-block-group\"><div class=\"wp-block-group__inner-container is-layout-flow wp-block-group-is-layout-flow\">\n<div class=\"wp-block-columns migliori is-layout-flex wp-container-core-columns-is-layout-9d6595d7 wp-block-columns-is-layout-flex\">\n<div class=\"wp-block-column is-vertically-aligned-center is-layout-flow wp-block-column-is-layout-flow\">\n<div style=\"height:40px\" aria-hidden=\"true\" class=\"wp-block-spacer d-lg-none d-sm-block d-md-block space-coll\"><\/div>\n\n\n\n<figure class=\"wp-block-image size-large\"><img loading=\"lazy\" decoding=\"async\" width=\"850\" height=\"450\" src=\"http:\/\/www.ivanoantonelloitalia.it\/wp-content\/uploads\/2020\/09\/consegna-img01.jpg\" alt=\"\" class=\"wp-image-1032\" srcset=\"https:\/\/www.ivanoantonelloitalia.it\/wp-content\/uploads\/2020\/09\/consegna-img01.jpg 850w, https:\/\/www.ivanoantonelloitalia.it\/wp-content\/uploads\/2020\/09\/consegna-img01-768x407.jpg 768w, https:\/\/www.ivanoantonelloitalia.it\/wp-content\/uploads\/2020\/09\/consegna-img01-385x204.jpg 385w\" sizes=\"auto, (max-width: 850px) 100vw, 850px\" \/><\/figure>\n<\/div>\n\n\n\n<div class=\"wp-block-column is-vertically-aligned-center is-layout-flow wp-block-column-is-layout-flow\">\n<h3 class=\"wp-block-heading\" style=\"font-size:30px\">IMBALLO <strong>SICURO<\/strong><\/h3>\n\n\n\n<div style=\"height:20px\" aria-hidden=\"true\" class=\"wp-block-spacer\"><\/div>\n\n\n\n<p>Tutti i prodotti pronti alla spedizione vengono imballati qui, nella nostra sede di San Bonifacio. Sulle superfici delicate applichiamo un sottile film in pellicola plastica che le preserva da urti e abrasioni. Ogni componente \u00e8 poi inserito in casse rinforzate di cartone pesante e legno per i top in vetro, leggere ma estremamente resistenti. In questo modo sono pratiche da trasportare anche impilate. &nbsp;<\/p>\n<\/div>\n<\/div>\n<\/div><\/div>\n\n\n\n<div style=\"height:90px\" aria-hidden=\"true\" class=\"wp-block-spacer space-coll\"><\/div>\n\n\n\n<div class=\"wp-block-group\"><div class=\"wp-block-group__inner-container is-layout-flow wp-block-group-is-layout-flow\">\n<div class=\"wp-block-columns is-layout-flex wp-container-core-columns-is-layout-9d6595d7 wp-block-columns-is-layout-flex\">\n<div class=\"wp-block-column is-vertically-aligned-center is-layout-flow wp-block-column-is-layout-flow\">\n<h3 class=\"has-text-align-right wp-block-heading\" style=\"font-size:30px\">MONTAGGIO <strong>SENZA PENSIERI<\/strong><\/h3>\n\n\n\n<div style=\"height:20px\" aria-hidden=\"true\" class=\"wp-block-spacer\"><\/div>\n\n\n\n<p class=\"has-text-align-right\">Con IvanoAntonelloItalia anche il montaggio \u00e8 senza pensieri. I rivenditori che scelgono i nostri prodotti per il mercato italiano possono contare sul servizio di trasporto, e&nbsp; su richiesta assemblaggio e installazione direttamente dal cliente finale.<\/p>\n\n\n\n<div style=\"height:20px\" aria-hidden=\"true\" class=\"wp-block-spacer\"><\/div>\n\n\n\n<p class=\"has-text-align-right\">In alternativa, il nostro servizio di supporto fornisce <strong>assistenza diretta da remoto<\/strong> in tutto il mondo, con istruzioni mirate per completare le operazioni in modo facile e veloce.&nbsp;<\/p>\n<\/div>\n\n\n\n<div class=\"wp-block-column is-vertically-aligned-center is-layout-flow wp-block-column-is-layout-flow\">\n<div style=\"height:40px\" aria-hidden=\"true\" class=\"wp-block-spacer d-lg-none d-sm-block d-md-block space-coll\"><\/div>\n\n\n\n<figure class=\"wp-block-image size-large\"><img loading=\"lazy\" decoding=\"async\" width=\"1600\" height=\"847\" src=\"https:\/\/www.ivanoantonelloitalia.it\/wp-content\/uploads\/2020\/09\/consegna-img02-1.jpg\" alt=\"\" class=\"wp-image-1236\" srcset=\"https:\/\/www.ivanoantonelloitalia.it\/wp-content\/uploads\/2020\/09\/consegna-img02-1.jpg 1600w, https:\/\/www.ivanoantonelloitalia.it\/wp-content\/uploads\/2020\/09\/consegna-img02-1-768x407.jpg 768w, https:\/\/www.ivanoantonelloitalia.it\/wp-content\/uploads\/2020\/09\/consegna-img02-1-1536x813.jpg 1536w, https:\/\/www.ivanoantonelloitalia.it\/wp-content\/uploads\/2020\/09\/consegna-img02-1-900x476.jpg 900w, https:\/\/www.ivanoantonelloitalia.it\/wp-content\/uploads\/2020\/09\/consegna-img02-1-385x204.jpg 385w\" sizes=\"auto, (max-width: 1600px) 100vw, 1600px\" \/><\/figure>\n<\/div>\n<\/div>\n\n\n\n<p><\/p>\n<\/div><\/div>\n","protected":false},"excerpt":{"rendered":"<p>SERVIZIO A 360\u00b0 IvanoAntonelloItalia non \u00e8 solo produzione di qualit\u00e0. \u00c8 un vero servizio d\u2019arredo, dalla consulenza progettuale alla consegna post vendita. I nostri pezzi di design, ideati e prodotti interamente in Italia, arrivano in tutto il mondo in modo sicuro. Ogni prodotto \u00e8 accompagnato dalle istruzioni di montaggio ma possiamo offrirvi anche il nostro [&hellip;]<\/p>\n","protected":false},"author":2,"featured_media":0,"parent":0,"menu_order":0,"comment_status":"closed","ping_status":"closed","template":"templates\/template-full-width.php","meta":{"footnotes":""},"class_list":["post-225","page","type-page","status-publish","hentry"],"yoast_head":"<!-- This site is optimized with the Yoast SEO plugin v27.5 - https:\/\/yoast.com\/product\/yoast-seo-wordpress\/ -->\n<title>Servizio a 360\u00b0 - IvanoAntonelloItalia<\/title>\n<meta name=\"description\" content=\"IvanoAntonelloItalia non \u00e8 solo produzione di qualit\u00e0. \u00c8 un vero servizio a 360\u00b0, dalla consulenza progettuale alla consegna post vendita.\" \/>\n<meta name=\"robots\" content=\"index, follow, max-snippet:-1, max-image-preview:large, max-video-preview:-1\" \/>\n<link rel=\"canonical\" href=\"https:\/\/www.ivanoantonelloitalia.it\/it\/servizio-a-360\/\" \/>\n<meta property=\"og:locale\" content=\"it_IT\" \/>\n<meta property=\"og:type\" content=\"article\" \/>\n<meta property=\"og:title\" content=\"Servizio a 360\u00b0 - IvanoAntonelloItalia\" \/>\n<meta property=\"og:description\" content=\"IvanoAntonelloItalia non \u00e8 solo produzione di qualit\u00e0. \u00c8 un vero servizio a 360\u00b0, dalla consulenza progettuale alla consegna post vendita.\" \/>\n<meta property=\"og:url\" content=\"https:\/\/www.ivanoantonelloitalia.it\/it\/servizio-a-360\/\" \/>\n<meta property=\"og:site_name\" content=\"IvanoAntonelloItalia\" \/>\n<meta property=\"article:publisher\" content=\"https:\/\/www.facebook.com\/AntonelloItalia.Furniture\/\" \/>\n<meta property=\"article:modified_time\" content=\"2020-09-29T07:15:43+00:00\" \/>\n<meta property=\"og:image\" content=\"http:\/\/www.ivanoantonelloitalia.it\/wp-content\/uploads\/2020\/09\/consegna-banner.jpg\" \/>\n<meta name=\"twitter:card\" content=\"summary_large_image\" \/>\n<script type=\"application\/ld+json\" class=\"yoast-schema-graph\">{\"@context\":\"https:\\\/\\\/schema.org\",\"@graph\":[{\"@type\":\"WebPage\",\"@id\":\"https:\\\/\\\/www.ivanoantonelloitalia.it\\\/it\\\/servizio-a-360\\\/\",\"url\":\"https:\\\/\\\/www.ivanoantonelloitalia.it\\\/it\\\/servizio-a-360\\\/\",\"name\":\"Servizio a 360\u00b0 - IvanoAntonelloItalia\",\"isPartOf\":{\"@id\":\"https:\\\/\\\/www.ivanoantonelloitalia.it\\\/it\\\/#website\"},\"primaryImageOfPage\":{\"@id\":\"https:\\\/\\\/www.ivanoantonelloitalia.it\\\/it\\\/servizio-a-360\\\/#primaryimage\"},\"image\":{\"@id\":\"https:\\\/\\\/www.ivanoantonelloitalia.it\\\/it\\\/servizio-a-360\\\/#primaryimage\"},\"thumbnailUrl\":\"http:\\\/\\\/www.ivanoantonelloitalia.it\\\/wp-content\\\/uploads\\\/2020\\\/09\\\/consegna-banner.jpg\",\"datePublished\":\"2020-08-31T09:30:49+00:00\",\"dateModified\":\"2020-09-29T07:15:43+00:00\",\"description\":\"IvanoAntonelloItalia non \u00e8 solo produzione di qualit\u00e0. \u00c8 un vero servizio a 360\u00b0, dalla consulenza progettuale alla consegna post vendita.\",\"breadcrumb\":{\"@id\":\"https:\\\/\\\/www.ivanoantonelloitalia.it\\\/it\\\/servizio-a-360\\\/#breadcrumb\"},\"inLanguage\":\"it-IT\",\"potentialAction\":[{\"@type\":\"ReadAction\",\"target\":[\"https:\\\/\\\/www.ivanoantonelloitalia.it\\\/it\\\/servizio-a-360\\\/\"]}]},{\"@type\":\"ImageObject\",\"inLanguage\":\"it-IT\",\"@id\":\"https:\\\/\\\/www.ivanoantonelloitalia.it\\\/it\\\/servizio-a-360\\\/#primaryimage\",\"url\":\"http:\\\/\\\/www.ivanoantonelloitalia.it\\\/wp-content\\\/uploads\\\/2020\\\/09\\\/consegna-banner.jpg\",\"contentUrl\":\"http:\\\/\\\/www.ivanoantonelloitalia.it\\\/wp-content\\\/uploads\\\/2020\\\/09\\\/consegna-banner.jpg\"},{\"@type\":\"BreadcrumbList\",\"@id\":\"https:\\\/\\\/www.ivanoantonelloitalia.it\\\/it\\\/servizio-a-360\\\/#breadcrumb\",\"itemListElement\":[{\"@type\":\"ListItem\",\"position\":1,\"name\":\"Home\",\"item\":\"https:\\\/\\\/www.ivanoantonelloitalia.it\\\/it\\\/\"},{\"@type\":\"ListItem\",\"position\":2,\"name\":\"Servizio a 360\u00b0\"}]},{\"@type\":\"WebSite\",\"@id\":\"https:\\\/\\\/www.ivanoantonelloitalia.it\\\/it\\\/#website\",\"url\":\"https:\\\/\\\/www.ivanoantonelloitalia.it\\\/it\\\/\",\"name\":\"IvanoAntonelloItalia\",\"description\":\"Mobili e complementi per la casa\",\"publisher\":{\"@id\":\"https:\\\/\\\/www.ivanoantonelloitalia.it\\\/it\\\/#organization\"},\"potentialAction\":[{\"@type\":\"SearchAction\",\"target\":{\"@type\":\"EntryPoint\",\"urlTemplate\":\"https:\\\/\\\/www.ivanoantonelloitalia.it\\\/it\\\/?s={search_term_string}\"},\"query-input\":{\"@type\":\"PropertyValueSpecification\",\"valueRequired\":true,\"valueName\":\"search_term_string\"}}],\"inLanguage\":\"it-IT\"},{\"@type\":\"Organization\",\"@id\":\"https:\\\/\\\/www.ivanoantonelloitalia.it\\\/it\\\/#organization\",\"name\":\"IvanoAntonelloItalia\",\"url\":\"https:\\\/\\\/www.ivanoantonelloitalia.it\\\/it\\\/\",\"logo\":{\"@type\":\"ImageObject\",\"inLanguage\":\"it-IT\",\"@id\":\"https:\\\/\\\/www.ivanoantonelloitalia.it\\\/it\\\/#\\\/schema\\\/logo\\\/image\\\/\",\"url\":\"https:\\\/\\\/www.ivanoantonelloitalia.it\\\/wp-content\\\/uploads\\\/2020\\\/09\\\/logo-provvisorio02.png\",\"contentUrl\":\"https:\\\/\\\/www.ivanoantonelloitalia.it\\\/wp-content\\\/uploads\\\/2020\\\/09\\\/logo-provvisorio02.png\",\"width\":500,\"height\":47,\"caption\":\"IvanoAntonelloItalia\"},\"image\":{\"@id\":\"https:\\\/\\\/www.ivanoantonelloitalia.it\\\/it\\\/#\\\/schema\\\/logo\\\/image\\\/\"},\"sameAs\":[\"https:\\\/\\\/www.facebook.com\\\/AntonelloItalia.Furniture\\\/\",\"https:\\\/\\\/it.linkedin.com\\\/in\\\/antonelloitalia\"]}]}<\/script>\n<!-- \/ Yoast SEO plugin. -->","yoast_head_json":{"title":"Servizio a 360\u00b0 - IvanoAntonelloItalia","description":"IvanoAntonelloItalia non \u00e8 solo produzione di qualit\u00e0. \u00c8 un vero servizio a 360\u00b0, dalla consulenza progettuale alla consegna post vendita.","robots":{"index":"index","follow":"follow","max-snippet":"max-snippet:-1","max-image-preview":"max-image-preview:large","max-video-preview":"max-video-preview:-1"},"canonical":"https:\/\/www.ivanoantonelloitalia.it\/it\/servizio-a-360\/","og_locale":"it_IT","og_type":"article","og_title":"Servizio a 360\u00b0 - IvanoAntonelloItalia","og_description":"IvanoAntonelloItalia non \u00e8 solo produzione di qualit\u00e0. \u00c8 un vero servizio a 360\u00b0, dalla consulenza progettuale alla consegna post vendita.","og_url":"https:\/\/www.ivanoantonelloitalia.it\/it\/servizio-a-360\/","og_site_name":"IvanoAntonelloItalia","article_publisher":"https:\/\/www.facebook.com\/AntonelloItalia.Furniture\/","article_modified_time":"2020-09-29T07:15:43+00:00","og_image":[{"url":"http:\/\/www.ivanoantonelloitalia.it\/wp-content\/uploads\/2020\/09\/consegna-banner.jpg","type":"","width":"","height":""}],"twitter_card":"summary_large_image","schema":{"@context":"https:\/\/schema.org","@graph":[{"@type":"WebPage","@id":"https:\/\/www.ivanoantonelloitalia.it\/it\/servizio-a-360\/","url":"https:\/\/www.ivanoantonelloitalia.it\/it\/servizio-a-360\/","name":"Servizio a 360\u00b0 - IvanoAntonelloItalia","isPartOf":{"@id":"https:\/\/www.ivanoantonelloitalia.it\/it\/#website"},"primaryImageOfPage":{"@id":"https:\/\/www.ivanoantonelloitalia.it\/it\/servizio-a-360\/#primaryimage"},"image":{"@id":"https:\/\/www.ivanoantonelloitalia.it\/it\/servizio-a-360\/#primaryimage"},"thumbnailUrl":"http:\/\/www.ivanoantonelloitalia.it\/wp-content\/uploads\/2020\/09\/consegna-banner.jpg","datePublished":"2020-08-31T09:30:49+00:00","dateModified":"2020-09-29T07:15:43+00:00","description":"IvanoAntonelloItalia non \u00e8 solo produzione di qualit\u00e0. \u00c8 un vero servizio a 360\u00b0, dalla consulenza progettuale alla consegna post vendita.","breadcrumb":{"@id":"https:\/\/www.ivanoantonelloitalia.it\/it\/servizio-a-360\/#breadcrumb"},"inLanguage":"it-IT","potentialAction":[{"@type":"ReadAction","target":["https:\/\/www.ivanoantonelloitalia.it\/it\/servizio-a-360\/"]}]},{"@type":"ImageObject","inLanguage":"it-IT","@id":"https:\/\/www.ivanoantonelloitalia.it\/it\/servizio-a-360\/#primaryimage","url":"http:\/\/www.ivanoantonelloitalia.it\/wp-content\/uploads\/2020\/09\/consegna-banner.jpg","contentUrl":"http:\/\/www.ivanoantonelloitalia.it\/wp-content\/uploads\/2020\/09\/consegna-banner.jpg"},{"@type":"BreadcrumbList","@id":"https:\/\/www.ivanoantonelloitalia.it\/it\/servizio-a-360\/#breadcrumb","itemListElement":[{"@type":"ListItem","position":1,"name":"Home","item":"https:\/\/www.ivanoantonelloitalia.it\/it\/"},{"@type":"ListItem","position":2,"name":"Servizio a 360\u00b0"}]},{"@type":"WebSite","@id":"https:\/\/www.ivanoantonelloitalia.it\/it\/#website","url":"https:\/\/www.ivanoantonelloitalia.it\/it\/","name":"IvanoAntonelloItalia","description":"Mobili e complementi per la casa","publisher":{"@id":"https:\/\/www.ivanoantonelloitalia.it\/it\/#organization"},"potentialAction":[{"@type":"SearchAction","target":{"@type":"EntryPoint","urlTemplate":"https:\/\/www.ivanoantonelloitalia.it\/it\/?s={search_term_string}"},"query-input":{"@type":"PropertyValueSpecification","valueRequired":true,"valueName":"search_term_string"}}],"inLanguage":"it-IT"},{"@type":"Organization","@id":"https:\/\/www.ivanoantonelloitalia.it\/it\/#organization","name":"IvanoAntonelloItalia","url":"https:\/\/www.ivanoantonelloitalia.it\/it\/","logo":{"@type":"ImageObject","inLanguage":"it-IT","@id":"https:\/\/www.ivanoantonelloitalia.it\/it\/#\/schema\/logo\/image\/","url":"https:\/\/www.ivanoantonelloitalia.it\/wp-content\/uploads\/2020\/09\/logo-provvisorio02.png","contentUrl":"https:\/\/www.ivanoantonelloitalia.it\/wp-content\/uploads\/2020\/09\/logo-provvisorio02.png","width":500,"height":47,"caption":"IvanoAntonelloItalia"},"image":{"@id":"https:\/\/www.ivanoantonelloitalia.it\/it\/#\/schema\/logo\/image\/"},"sameAs":["https:\/\/www.facebook.com\/AntonelloItalia.Furniture\/","https:\/\/it.linkedin.com\/in\/antonelloitalia"]}]}},"_links":{"self":[{"href":"https:\/\/www.ivanoantonelloitalia.it\/it\/wp-json\/wp\/v2\/pages\/225","targetHints":{"allow":["GET"]}}],"collection":[{"href":"https:\/\/www.ivanoantonelloitalia.it\/it\/wp-json\/wp\/v2\/pages"}],"about":[{"href":"https:\/\/www.ivanoantonelloitalia.it\/it\/wp-json\/wp\/v2\/types\/page"}],"author":[{"embeddable":true,"href":"https:\/\/www.ivanoantonelloitalia.it\/it\/wp-json\/wp\/v2\/users\/2"}],"replies":[{"embeddable":true,"href":"https:\/\/www.ivanoantonelloitalia.it\/it\/wp-json\/wp\/v2\/comments?post=225"}],"version-history":[{"count":48,"href":"https:\/\/www.ivanoantonelloitalia.it\/it\/wp-json\/wp\/v2\/pages\/225\/revisions"}],"predecessor-version":[{"id":1238,"href":"https:\/\/www.ivanoantonelloitalia.it\/it\/wp-json\/wp\/v2\/pages\/225\/revisions\/1238"}],"wp:attachment":[{"href":"https:\/\/www.ivanoantonelloitalia.it\/it\/wp-json\/wp\/v2\/media?parent=225"}],"curies":[{"name":"wp","href":"https:\/\/api.w.org\/{rel}","templated":true}]}}