
{"id":2069,"date":"2023-11-17T11:00:01","date_gmt":"2023-11-17T10:00:01","guid":{"rendered":"https:\/\/www.ivanoantonelloitalia.it\/?page_id=2069"},"modified":"2025-10-02T16:52:24","modified_gmt":"2025-10-02T14:52:24","slug":"rivenditore-ufficiale-deco","status":"publish","type":"page","link":"https:\/\/www.ivanoantonelloitalia.it\/it\/rivenditore-ufficiale-deco\/","title":{"rendered":"Rivenditore Ufficiale D\u00e9co"},"content":{"rendered":"\n<figure class=\"wp-block-image size-full banner\"><img loading=\"lazy\" decoding=\"async\" width=\"1920\" height=\"500\" src=\"https:\/\/www.ivanoantonelloitalia.it\/wp-content\/uploads\/2023\/11\/deco-banner.jpg\" alt=\"\" class=\"wp-image-2072\" srcset=\"https:\/\/www.ivanoantonelloitalia.it\/wp-content\/uploads\/2023\/11\/deco-banner.jpg 1920w, https:\/\/www.ivanoantonelloitalia.it\/wp-content\/uploads\/2023\/11\/deco-banner-768x200.jpg 768w, https:\/\/www.ivanoantonelloitalia.it\/wp-content\/uploads\/2023\/11\/deco-banner-1536x400.jpg 1536w, https:\/\/www.ivanoantonelloitalia.it\/wp-content\/uploads\/2023\/11\/deco-banner-900x234.jpg 900w, https:\/\/www.ivanoantonelloitalia.it\/wp-content\/uploads\/2023\/11\/deco-banner-385x100.jpg 385w\" sizes=\"auto, (max-width: 1920px) 100vw, 1920px\" \/><\/figure>\n\n\n\n<div class=\"wp-block-group\"><div class=\"wp-block-group__inner-container is-layout-flow wp-block-group-is-layout-flow\">\n<div style=\"height:90px\" aria-hidden=\"true\" class=\"wp-block-spacer space-coll\"><\/div>\n\n\n\n<h1 class=\"wp-block-heading has-text-align-center\">Rivenditore Ufficiale D\u00e9co<\/h1>\n\n\n\n<div style=\"height:20px\" aria-hidden=\"true\" class=\"wp-block-spacer\"><\/div>\n\n\n\n<p class=\"has-text-align-center\" style=\"font-size:24px\"><strong><em>Un nuovo livello di eccellenza nel design degli interni e degli esterni.<\/em><\/strong><\/p>\n\n\n\n<p class=\"has-text-align-center\">Siamo entusiasti di annunciare la nostra partnership ufficiale con D\u00c9CO, un <strong>marchio italiano<\/strong> di rivestimenti che rappresenta l\u2019eccellenza assoluta.<br>IVANOANTONELLOITALIA \u00e8 il nuovo rivenditore ufficiale nella provincia di Verona, portando la <strong>qualit\u00e0 dei prodotti D\u00c9CO<\/strong> direttamente nelle tue mani.<br>Grazie all\u2019esperienza di Ivano Antonello e alla straordinaria qualit\u00e0 dei prodotti D\u00c9CO, possiamo creare ambienti unici e da sogno che <strong>ti lasceranno senza parole<\/strong>!<\/p>\n\n\n\n<div style=\"height:90px\" aria-hidden=\"true\" class=\"wp-block-spacer space-coll\"><\/div>\n<\/div><\/div>\n\n\n\n<figure class=\"wp-block-image size-full banner\"><img loading=\"lazy\" decoding=\"async\" width=\"1920\" height=\"420\" src=\"https:\/\/www.ivanoantonelloitalia.it\/wp-content\/uploads\/2023\/11\/deco-img-full.jpg\" alt=\"\" class=\"wp-image-2076\" srcset=\"https:\/\/www.ivanoantonelloitalia.it\/wp-content\/uploads\/2023\/11\/deco-img-full.jpg 1920w, https:\/\/www.ivanoantonelloitalia.it\/wp-content\/uploads\/2023\/11\/deco-img-full-768x168.jpg 768w, https:\/\/www.ivanoantonelloitalia.it\/wp-content\/uploads\/2023\/11\/deco-img-full-1536x336.jpg 1536w, https:\/\/www.ivanoantonelloitalia.it\/wp-content\/uploads\/2023\/11\/deco-img-full-900x197.jpg 900w, https:\/\/www.ivanoantonelloitalia.it\/wp-content\/uploads\/2023\/11\/deco-img-full-385x84.jpg 385w\" sizes=\"auto, (max-width: 1920px) 100vw, 1920px\" \/><\/figure>\n\n\n\n<div style=\"height:90px\" aria-hidden=\"true\" class=\"wp-block-spacer space-coll\"><\/div>\n\n\n\n<div class=\"wp-block-group\"><div class=\"wp-block-group__inner-container is-layout-flow wp-block-group-is-layout-flow\">\n<div class=\"wp-block-columns migliori is-layout-flex wp-container-core-columns-is-layout-9d6595d7 wp-block-columns-is-layout-flex\">\n<div class=\"wp-block-column is-vertically-aligned-center is-layout-flow wp-block-column-is-layout-flow\">\n<div style=\"height:40px\" aria-hidden=\"true\" class=\"wp-block-spacer d-lg-none d-sm-block d-md-block space-coll\"><\/div>\n\n\n\n<figure class=\"wp-block-image size-full\"><img loading=\"lazy\" decoding=\"async\" width=\"850\" height=\"450\" src=\"https:\/\/www.ivanoantonelloitalia.it\/wp-content\/uploads\/2023\/11\/deco-clap.jpg\" alt=\"\" class=\"wp-image-2074\" srcset=\"https:\/\/www.ivanoantonelloitalia.it\/wp-content\/uploads\/2023\/11\/deco-clap.jpg 850w, https:\/\/www.ivanoantonelloitalia.it\/wp-content\/uploads\/2023\/11\/deco-clap-768x407.jpg 768w, https:\/\/www.ivanoantonelloitalia.it\/wp-content\/uploads\/2023\/11\/deco-clap-385x204.jpg 385w\" sizes=\"auto, (max-width: 850px) 100vw, 850px\" \/><\/figure>\n<\/div>\n\n\n\n<div class=\"wp-block-column is-vertically-aligned-center is-layout-flow wp-block-column-is-layout-flow\">\n<h3 class=\"wp-block-heading\" style=\"font-size:30px\"><strong>CLAP!3D e CLAP!GO<\/strong><\/h3>\n\n\n\n<div style=\"height:10px\" aria-hidden=\"true\" class=\"wp-block-spacer\"><\/div>\n\n\n\n<p>Pavimenti e rivestimenti per interni ideati per offrire soluzioni uniche. Le doghe super sottili ed ultra realistiche della gamma CLAP!3D e CLAP!GO si completano con la forza della polvere di pietra associata a tecnopolimeri innovativi.<\/p>\n\n\n\n<div style=\"height:5px\" aria-hidden=\"true\" class=\"wp-block-spacer\"><\/div>\n\n\n\n<p>Finiture legno e pietra che si distinguono per i dettagli realistici e naturali, come le sfumature cromatiche e la sensazione di venture in rilievo al tatto. Il prodotto \u00e8 completamente ecosostenibile, impermeabile, resistente e duraturo, silenzioso e caldo al calpestio.<\/p>\n\n\n\n<div style=\"height:5px\" aria-hidden=\"true\" class=\"wp-block-spacer\"><\/div>\n\n\n\n<p>Installazione ad incastro immediato, materassino integrato, vasta gamma di colori.<\/p>\n\n\n\n<div class=\"m-auto-992\" style=\"width:170px;\">\n<a href=\"https:\/\/www.decodecking.it\/it\/rivestimenti-indoor\/\" class=\"btn bottone blu text-center\" target=\"_blank\" rel=\"noopener\">Scopri di pi\u00f9<\/a>\n<\/div>\n<\/div>\n<\/div>\n<\/div><\/div>\n\n\n\n<div style=\"height:90px\" aria-hidden=\"true\" class=\"wp-block-spacer space-coll\"><\/div>\n\n\n\n<div class=\"wp-block-group\"><div class=\"wp-block-group__inner-container is-layout-flow wp-block-group-is-layout-flow\">\n<div class=\"wp-block-columns is-layout-flex wp-container-core-columns-is-layout-9d6595d7 wp-block-columns-is-layout-flex\">\n<div class=\"wp-block-column is-vertically-aligned-center is-layout-flow wp-block-column-is-layout-flow\">\n<h3 class=\"wp-block-heading has-text-align-left\" style=\"font-size:30px\"><strong>MOOVE<\/strong><\/h3>\n\n\n\n<div style=\"height:10px\" aria-hidden=\"true\" class=\"wp-block-spacer\"><\/div>\n\n\n\n<p class=\"has-text-align-left\">Collezione di moduli di rivestimento verticali \u201cindoor\u201d, realizzati in materiale tecnico, durevole, affidabile e dal design attuale. Zero manutenzione. Estremo realismo e totale assenza di fughe.<\/p>\n\n\n\n<div class=\"m-auto-992\" style=\"width:170px;\">\n<a href=\"https:\/\/www.decodecking.it\/it\/rivestimenti-indoor\/\" class=\"btn bottone blu text-center\" target=\"_blank\" rel=\"noopener\">Scopri di pi\u00f9<\/a>\n<\/div>\n<\/div>\n\n\n\n<div class=\"wp-block-column is-vertically-aligned-center is-layout-flow wp-block-column-is-layout-flow\">\n<div style=\"height:40px\" aria-hidden=\"true\" class=\"wp-block-spacer d-lg-none d-sm-block d-md-block space-coll\"><\/div>\n\n\n<div class=\"wp-block-image\">\n<figure class=\"alignright size-full\"><img loading=\"lazy\" decoding=\"async\" width=\"850\" height=\"450\" src=\"https:\/\/www.ivanoantonelloitalia.it\/wp-content\/uploads\/2023\/11\/deco-move.jpg\" alt=\"\" class=\"wp-image-2078\" srcset=\"https:\/\/www.ivanoantonelloitalia.it\/wp-content\/uploads\/2023\/11\/deco-move.jpg 850w, https:\/\/www.ivanoantonelloitalia.it\/wp-content\/uploads\/2023\/11\/deco-move-768x407.jpg 768w, https:\/\/www.ivanoantonelloitalia.it\/wp-content\/uploads\/2023\/11\/deco-move-385x204.jpg 385w\" sizes=\"auto, (max-width: 850px) 100vw, 850px\" \/><\/figure>\n<\/div><\/div>\n<\/div>\n\n\n\n<p><\/p>\n<\/div><\/div>\n","protected":false},"excerpt":{"rendered":"<p>Rivenditore Ufficiale D\u00e9co Un nuovo livello di eccellenza nel design degli interni e degli esterni. Siamo entusiasti di annunciare la nostra partnership ufficiale con D\u00c9CO, un marchio italiano di rivestimenti che rappresenta l\u2019eccellenza assoluta.IVANOANTONELLOITALIA \u00e8 il nuovo rivenditore ufficiale nella provincia di Verona, portando la qualit\u00e0 dei prodotti D\u00c9CO direttamente nelle tue mani.Grazie all\u2019esperienza di [&hellip;]<\/p>\n","protected":false},"author":50,"featured_media":0,"parent":0,"menu_order":0,"comment_status":"closed","ping_status":"closed","template":"templates\/template-full-width.php","meta":{"footnotes":""},"class_list":["post-2069","page","type-page","status-publish","hentry"],"yoast_head":"<!-- This site is optimized with the Yoast SEO plugin v27.5 - https:\/\/yoast.com\/product\/yoast-seo-wordpress\/ -->\n<title>Rivenditore Ufficiale D\u00e9co - IvanoAntonelloItalia<\/title>\n<meta name=\"description\" content=\"Ivano Antonello Italia \u00e8 il nuovo rivenditore ufficiale a Verona, portando la qualit\u00e0 dei prodotti D\u00c9CO direttamente nelle tue mani.\" \/>\n<meta name=\"robots\" content=\"index, follow, max-snippet:-1, max-image-preview:large, max-video-preview:-1\" \/>\n<link rel=\"canonical\" href=\"https:\/\/www.ivanoantonelloitalia.it\/it\/rivenditore-ufficiale-deco\/\" \/>\n<meta property=\"og:locale\" content=\"it_IT\" \/>\n<meta property=\"og:type\" content=\"article\" \/>\n<meta property=\"og:title\" content=\"Rivenditore Ufficiale D\u00e9co - IvanoAntonelloItalia\" \/>\n<meta property=\"og:description\" content=\"Ivano Antonello Italia \u00e8 il nuovo rivenditore ufficiale a Verona, portando la qualit\u00e0 dei prodotti D\u00c9CO direttamente nelle tue mani.\" \/>\n<meta property=\"og:url\" content=\"https:\/\/www.ivanoantonelloitalia.it\/it\/rivenditore-ufficiale-deco\/\" \/>\n<meta property=\"og:site_name\" content=\"IvanoAntonelloItalia\" \/>\n<meta property=\"article:publisher\" content=\"https:\/\/www.facebook.com\/AntonelloItalia.Furniture\/\" \/>\n<meta property=\"article:modified_time\" content=\"2025-10-02T14:52:24+00:00\" \/>\n<meta property=\"og:image\" content=\"https:\/\/www.ivanoantonelloitalia.it\/wp-content\/uploads\/2023\/11\/deco-banner.jpg\" \/>\n<meta name=\"twitter:card\" content=\"summary_large_image\" \/>\n<script type=\"application\/ld+json\" class=\"yoast-schema-graph\">{\"@context\":\"https:\\\/\\\/schema.org\",\"@graph\":[{\"@type\":\"WebPage\",\"@id\":\"https:\\\/\\\/www.ivanoantonelloitalia.it\\\/it\\\/rivenditore-ufficiale-deco\\\/\",\"url\":\"https:\\\/\\\/www.ivanoantonelloitalia.it\\\/it\\\/rivenditore-ufficiale-deco\\\/\",\"name\":\"Rivenditore Ufficiale D\u00e9co - IvanoAntonelloItalia\",\"isPartOf\":{\"@id\":\"https:\\\/\\\/www.ivanoantonelloitalia.it\\\/it\\\/#website\"},\"primaryImageOfPage\":{\"@id\":\"https:\\\/\\\/www.ivanoantonelloitalia.it\\\/it\\\/rivenditore-ufficiale-deco\\\/#primaryimage\"},\"image\":{\"@id\":\"https:\\\/\\\/www.ivanoantonelloitalia.it\\\/it\\\/rivenditore-ufficiale-deco\\\/#primaryimage\"},\"thumbnailUrl\":\"https:\\\/\\\/www.ivanoantonelloitalia.it\\\/wp-content\\\/uploads\\\/2023\\\/11\\\/deco-banner.jpg\",\"datePublished\":\"2023-11-17T10:00:01+00:00\",\"dateModified\":\"2025-10-02T14:52:24+00:00\",\"description\":\"Ivano Antonello Italia \u00e8 il nuovo rivenditore ufficiale a Verona, portando la qualit\u00e0 dei prodotti D\u00c9CO direttamente nelle tue mani.\",\"breadcrumb\":{\"@id\":\"https:\\\/\\\/www.ivanoantonelloitalia.it\\\/it\\\/rivenditore-ufficiale-deco\\\/#breadcrumb\"},\"inLanguage\":\"it-IT\",\"potentialAction\":[{\"@type\":\"ReadAction\",\"target\":[\"https:\\\/\\\/www.ivanoantonelloitalia.it\\\/it\\\/rivenditore-ufficiale-deco\\\/\"]}]},{\"@type\":\"ImageObject\",\"inLanguage\":\"it-IT\",\"@id\":\"https:\\\/\\\/www.ivanoantonelloitalia.it\\\/it\\\/rivenditore-ufficiale-deco\\\/#primaryimage\",\"url\":\"https:\\\/\\\/www.ivanoantonelloitalia.it\\\/wp-content\\\/uploads\\\/2023\\\/11\\\/deco-banner.jpg\",\"contentUrl\":\"https:\\\/\\\/www.ivanoantonelloitalia.it\\\/wp-content\\\/uploads\\\/2023\\\/11\\\/deco-banner.jpg\"},{\"@type\":\"BreadcrumbList\",\"@id\":\"https:\\\/\\\/www.ivanoantonelloitalia.it\\\/it\\\/rivenditore-ufficiale-deco\\\/#breadcrumb\",\"itemListElement\":[{\"@type\":\"ListItem\",\"position\":1,\"name\":\"Home\",\"item\":\"https:\\\/\\\/www.ivanoantonelloitalia.it\\\/it\\\/\"},{\"@type\":\"ListItem\",\"position\":2,\"name\":\"Rivenditore Ufficiale D\u00e9co\"}]},{\"@type\":\"WebSite\",\"@id\":\"https:\\\/\\\/www.ivanoantonelloitalia.it\\\/it\\\/#website\",\"url\":\"https:\\\/\\\/www.ivanoantonelloitalia.it\\\/it\\\/\",\"name\":\"IvanoAntonelloItalia\",\"description\":\"Mobili e complementi per la casa\",\"publisher\":{\"@id\":\"https:\\\/\\\/www.ivanoantonelloitalia.it\\\/it\\\/#organization\"},\"potentialAction\":[{\"@type\":\"SearchAction\",\"target\":{\"@type\":\"EntryPoint\",\"urlTemplate\":\"https:\\\/\\\/www.ivanoantonelloitalia.it\\\/it\\\/?s={search_term_string}\"},\"query-input\":{\"@type\":\"PropertyValueSpecification\",\"valueRequired\":true,\"valueName\":\"search_term_string\"}}],\"inLanguage\":\"it-IT\"},{\"@type\":\"Organization\",\"@id\":\"https:\\\/\\\/www.ivanoantonelloitalia.it\\\/it\\\/#organization\",\"name\":\"IvanoAntonelloItalia\",\"url\":\"https:\\\/\\\/www.ivanoantonelloitalia.it\\\/it\\\/\",\"logo\":{\"@type\":\"ImageObject\",\"inLanguage\":\"it-IT\",\"@id\":\"https:\\\/\\\/www.ivanoantonelloitalia.it\\\/it\\\/#\\\/schema\\\/logo\\\/image\\\/\",\"url\":\"https:\\\/\\\/www.ivanoantonelloitalia.it\\\/wp-content\\\/uploads\\\/2020\\\/09\\\/logo-provvisorio02.png\",\"contentUrl\":\"https:\\\/\\\/www.ivanoantonelloitalia.it\\\/wp-content\\\/uploads\\\/2020\\\/09\\\/logo-provvisorio02.png\",\"width\":500,\"height\":47,\"caption\":\"IvanoAntonelloItalia\"},\"image\":{\"@id\":\"https:\\\/\\\/www.ivanoantonelloitalia.it\\\/it\\\/#\\\/schema\\\/logo\\\/image\\\/\"},\"sameAs\":[\"https:\\\/\\\/www.facebook.com\\\/AntonelloItalia.Furniture\\\/\",\"https:\\\/\\\/it.linkedin.com\\\/in\\\/antonelloitalia\"]}]}<\/script>\n<!-- \/ Yoast SEO plugin. -->","yoast_head_json":{"title":"Rivenditore Ufficiale D\u00e9co - IvanoAntonelloItalia","description":"Ivano Antonello Italia \u00e8 il nuovo rivenditore ufficiale a Verona, portando la qualit\u00e0 dei prodotti D\u00c9CO direttamente nelle tue mani.","robots":{"index":"index","follow":"follow","max-snippet":"max-snippet:-1","max-image-preview":"max-image-preview:large","max-video-preview":"max-video-preview:-1"},"canonical":"https:\/\/www.ivanoantonelloitalia.it\/it\/rivenditore-ufficiale-deco\/","og_locale":"it_IT","og_type":"article","og_title":"Rivenditore Ufficiale D\u00e9co - IvanoAntonelloItalia","og_description":"Ivano Antonello Italia \u00e8 il nuovo rivenditore ufficiale a Verona, portando la qualit\u00e0 dei prodotti D\u00c9CO direttamente nelle tue mani.","og_url":"https:\/\/www.ivanoantonelloitalia.it\/it\/rivenditore-ufficiale-deco\/","og_site_name":"IvanoAntonelloItalia","article_publisher":"https:\/\/www.facebook.com\/AntonelloItalia.Furniture\/","article_modified_time":"2025-10-02T14:52:24+00:00","og_image":[{"url":"https:\/\/www.ivanoantonelloitalia.it\/wp-content\/uploads\/2023\/11\/deco-banner.jpg","type":"","width":"","height":""}],"twitter_card":"summary_large_image","schema":{"@context":"https:\/\/schema.org","@graph":[{"@type":"WebPage","@id":"https:\/\/www.ivanoantonelloitalia.it\/it\/rivenditore-ufficiale-deco\/","url":"https:\/\/www.ivanoantonelloitalia.it\/it\/rivenditore-ufficiale-deco\/","name":"Rivenditore Ufficiale D\u00e9co - IvanoAntonelloItalia","isPartOf":{"@id":"https:\/\/www.ivanoantonelloitalia.it\/it\/#website"},"primaryImageOfPage":{"@id":"https:\/\/www.ivanoantonelloitalia.it\/it\/rivenditore-ufficiale-deco\/#primaryimage"},"image":{"@id":"https:\/\/www.ivanoantonelloitalia.it\/it\/rivenditore-ufficiale-deco\/#primaryimage"},"thumbnailUrl":"https:\/\/www.ivanoantonelloitalia.it\/wp-content\/uploads\/2023\/11\/deco-banner.jpg","datePublished":"2023-11-17T10:00:01+00:00","dateModified":"2025-10-02T14:52:24+00:00","description":"Ivano Antonello Italia \u00e8 il nuovo rivenditore ufficiale a Verona, portando la qualit\u00e0 dei prodotti D\u00c9CO direttamente nelle tue mani.","breadcrumb":{"@id":"https:\/\/www.ivanoantonelloitalia.it\/it\/rivenditore-ufficiale-deco\/#breadcrumb"},"inLanguage":"it-IT","potentialAction":[{"@type":"ReadAction","target":["https:\/\/www.ivanoantonelloitalia.it\/it\/rivenditore-ufficiale-deco\/"]}]},{"@type":"ImageObject","inLanguage":"it-IT","@id":"https:\/\/www.ivanoantonelloitalia.it\/it\/rivenditore-ufficiale-deco\/#primaryimage","url":"https:\/\/www.ivanoantonelloitalia.it\/wp-content\/uploads\/2023\/11\/deco-banner.jpg","contentUrl":"https:\/\/www.ivanoantonelloitalia.it\/wp-content\/uploads\/2023\/11\/deco-banner.jpg"},{"@type":"BreadcrumbList","@id":"https:\/\/www.ivanoantonelloitalia.it\/it\/rivenditore-ufficiale-deco\/#breadcrumb","itemListElement":[{"@type":"ListItem","position":1,"name":"Home","item":"https:\/\/www.ivanoantonelloitalia.it\/it\/"},{"@type":"ListItem","position":2,"name":"Rivenditore Ufficiale D\u00e9co"}]},{"@type":"WebSite","@id":"https:\/\/www.ivanoantonelloitalia.it\/it\/#website","url":"https:\/\/www.ivanoantonelloitalia.it\/it\/","name":"IvanoAntonelloItalia","description":"Mobili e complementi per la casa","publisher":{"@id":"https:\/\/www.ivanoantonelloitalia.it\/it\/#organization"},"potentialAction":[{"@type":"SearchAction","target":{"@type":"EntryPoint","urlTemplate":"https:\/\/www.ivanoantonelloitalia.it\/it\/?s={search_term_string}"},"query-input":{"@type":"PropertyValueSpecification","valueRequired":true,"valueName":"search_term_string"}}],"inLanguage":"it-IT"},{"@type":"Organization","@id":"https:\/\/www.ivanoantonelloitalia.it\/it\/#organization","name":"IvanoAntonelloItalia","url":"https:\/\/www.ivanoantonelloitalia.it\/it\/","logo":{"@type":"ImageObject","inLanguage":"it-IT","@id":"https:\/\/www.ivanoantonelloitalia.it\/it\/#\/schema\/logo\/image\/","url":"https:\/\/www.ivanoantonelloitalia.it\/wp-content\/uploads\/2020\/09\/logo-provvisorio02.png","contentUrl":"https:\/\/www.ivanoantonelloitalia.it\/wp-content\/uploads\/2020\/09\/logo-provvisorio02.png","width":500,"height":47,"caption":"IvanoAntonelloItalia"},"image":{"@id":"https:\/\/www.ivanoantonelloitalia.it\/it\/#\/schema\/logo\/image\/"},"sameAs":["https:\/\/www.facebook.com\/AntonelloItalia.Furniture\/","https:\/\/it.linkedin.com\/in\/antonelloitalia"]}]}},"_links":{"self":[{"href":"https:\/\/www.ivanoantonelloitalia.it\/it\/wp-json\/wp\/v2\/pages\/2069","targetHints":{"allow":["GET"]}}],"collection":[{"href":"https:\/\/www.ivanoantonelloitalia.it\/it\/wp-json\/wp\/v2\/pages"}],"about":[{"href":"https:\/\/www.ivanoantonelloitalia.it\/it\/wp-json\/wp\/v2\/types\/page"}],"author":[{"embeddable":true,"href":"https:\/\/www.ivanoantonelloitalia.it\/it\/wp-json\/wp\/v2\/users\/50"}],"replies":[{"embeddable":true,"href":"https:\/\/www.ivanoantonelloitalia.it\/it\/wp-json\/wp\/v2\/comments?post=2069"}],"version-history":[{"count":21,"href":"https:\/\/www.ivanoantonelloitalia.it\/it\/wp-json\/wp\/v2\/pages\/2069\/revisions"}],"predecessor-version":[{"id":2259,"href":"https:\/\/www.ivanoantonelloitalia.it\/it\/wp-json\/wp\/v2\/pages\/2069\/revisions\/2259"}],"wp:attachment":[{"href":"https:\/\/www.ivanoantonelloitalia.it\/it\/wp-json\/wp\/v2\/media?parent=2069"}],"curies":[{"name":"wp","href":"https:\/\/api.w.org\/{rel}","templated":true}]}}