
{"id":2,"date":"2020-08-26T10:28:08","date_gmt":"2020-08-26T08:28:08","guid":{"rendered":"http:\/\/www.ivanoantonelloitalia.it\/?page_id=2"},"modified":"2025-10-02T16:49:31","modified_gmt":"2025-10-02T14:49:31","slug":"homepage","status":"publish","type":"page","link":"https:\/\/www.ivanoantonelloitalia.it\/it\/","title":{"rendered":"Homepage"},"content":{"rendered":"\n<div class=\"slider\">\n    <div class=\"cont-swip\">\n        <img decoding=\"async\" class=\"img-home\" src=\"\/wp-content\/uploads\/2021\/02\/home-new-slide02-zagor.jpg\" alt=\"arredamenti ivano antonello italia\" width=\"100%\">\n        <div class=\"position-absolute span3\">\n            <div class=\"box3\">\n                <h4>ZAGOR<\/h4>\n                <p>Le sue linee decise attraggono la nostra attenzione \n                    e ne sono il segno distintivo.<\/p>\n                <a href=\"https:\/\/www.ivanoantonelloitalia.it\/it\/prodotto\/zagor\/\">SCOPRI PRODOTTO <i class=\"fas fa-long-arrow-alt-right fa-lg\"><\/i><\/a>\n            <\/div><span class=\"pulse\"><\/span>\n        <\/div>\n        <div class=\"position-absolute span5\">\n            <div class=\"box5\">\n                <h4>KETTY<\/h4>\n                <p>La sedia KETTY \u00e8 pensata per soddisfare le esigenze \n                    dei clienti alla ricerca della comodit\u00e0.<\/p>\n                <a href=\"https:\/\/www.ivanoantonelloitalia.it\/it\/prodotto\/ketty\/\">SCOPRI PRODOTTO <i class=\"fas fa-long-arrow-alt-right fa-lg\"><\/i><\/a>\n            <\/div><span class=\"pulse\"><\/span>\n        <\/div>\n    <\/div>\n    <div class=\"cont-swip\">\n        <img decoding=\"async\" class=\"img-home\" src=\"\/wp-content\/uploads\/2021\/02\/home-new-slide01-rialto.jpg\" alt=\"arredamenti ivano antonello italia\" width=\"100%\">\n        <div class=\"position-absolute span1\">\n            <div class=\"box1\">\n                <h4>RIALTO<\/h4>\n                <p>Incroci di geometrie ed eleganza \n                    caratterizzano il tavolo RIALTO.<\/p>\n                <a href=\"https:\/\/www.ivanoantonelloitalia.it\/it\/prodotto\/rialto\/\">SCOPRI PRODOTTO <i class=\"fas fa-long-arrow-alt-right fa-lg\"><\/i><\/a>\n            <\/div><span class=\"pulse\"><\/span>\n        <\/div>\n        <div class=\"position-absolute span2\">\n            <div class=\"box2\">\n                <h4>MIA<\/h4>\n                <p>La sedia MIA nasce da un concetto \n                    di linee pulite ed essenziali<\/p>\n                <a href=\"https:\/\/www.ivanoantonelloitalia.it\/it\/prodotto\/mia\/\">SCOPRI PRODOTTO <i class=\"fas fa-long-arrow-alt-right fa-lg\"><\/i><\/a>\n            <\/div><span class=\"pulse\"><\/span>\n        <\/div>\n        <div class=\"position-absolute span2-2\">\n            <div class=\"box2-2\">\n                <h4>ATENA<\/h4>\n                <p>ATENA \u00e8 la madia contenitore \n                    dal design raffinato ed elegante. <\/p>\n                <a href=\"https:\/\/www.ivanoantonelloitalia.it\/it\/prodotto\/atena\/\">SCOPRI PRODOTTO <i class=\"fas fa-long-arrow-alt-right fa-lg\"><\/i><\/a>\n            <\/div><span class=\"pulse\"><\/span>\n        <\/div>\n    <\/div>\n    <div class=\"cont-swip\">\n        <img decoding=\"async\" class=\"img-home\" src=\"\/wp-content\/uploads\/2021\/02\/home-new-slide03-esmeralda.jpg\" alt=\"arredamenti ivano antonello italia\" width=\"100%\">\n        <div class=\"position-absolute span6\">\n            <div class=\"box6\">\n                <h4>ESMERALDA<\/h4>\n                <p>Un gioco di sfaccettature per un design di alta classe\n                    realizzato con maestria artigianale.<\/p>\n                <a href=\"https:\/\/www.ivanoantonelloitalia.it\/it\/prodotto\/esmeralda\/\">SCOPRI PRODOTTO <i class=\"fas fa-long-arrow-alt-right fa-lg\"><\/i><\/a>\n            <\/div><span class=\"pulse\"><\/span>\n        <\/div>\n        <div class=\"position-absolute span7\">\n            <div class=\"box7\">\n                <h4>QUASIMODO<\/h4>\n                <p>Specchio a parete retro struttura in legno accoppiata.<\/p>\n                <a href=\"https:\/\/www.ivanoantonelloitalia.it\/it\/prodotto\/quasimodo\/\">SCOPRI PRODOTTO <i class=\"fas fa-long-arrow-alt-right fa-lg\"><\/i><\/a>\n            <\/div><span class=\"pulse\"><\/span>\n        <\/div>\n    <\/div>\n    <div class=\"cont-swip\">\n        <img decoding=\"async\" class=\"img-home\" src=\"\/wp-content\/uploads\/2021\/02\/home-new-slide04-arena.jpg\" alt=\"arredamenti ivano antonello italia\" width=\"100%\">\n        <div class=\"position-absolute span9\">\n            <div class=\"box9\">\n                <h4>ARENA TRAPUNTATA<\/h4>\n                <p>La poltroncina Arena si propone con \n                    un design particolare e ricercato.<\/p>\n                <a href=\"https:\/\/www.ivanoantonelloitalia.it\/it\/prodotto\/arena-trapuntata\/\">SCOPRI PRODOTTO <i class=\"fas fa-long-arrow-alt-right fa-lg\"><\/i><\/a>\n            <\/div><span class=\"pulse\"><\/span>\n        <\/div>\n    <\/div>\n    <div class=\"cont-swip\">\n        <img decoding=\"async\" class=\"img-home\" src=\"\/wp-content\/uploads\/2021\/03\/home-new-slide05-monolito.jpg\" alt=\"arredamenti ivano antonello italia\" width=\"100%\">\n        <div class=\"position-absolute span10\">\n            <div class=\"box10\">\n                <h4>MONOLITO<\/h4>\n                <p>Specchio anello in metallo finitura bronzo. <\/p>\n                <a href=\"https:\/\/www.ivanoantonelloitalia.it\/it\/prodotto\/monolito\/\">SCOPRI PRODOTTO <i class=\"fas fa-long-arrow-alt-right fa-lg\"><\/i><\/a>\n            <\/div><span class=\"pulse\"><\/span>\n        <\/div>\n    <\/div>\n    \n<\/div>\n\n\n\n<div class=\"wp-block-columns blue is-layout-flex wp-container-core-columns-is-layout-9d6595d7 wp-block-columns-is-layout-flex\">\n<div class=\"wp-block-column is-layout-flow wp-block-column-is-layout-flow\">\n<h1 class=\"wp-block-heading text-white\">IVANO ANTONELLO<\/h1>\n\n\n\n<p class=\"text-white\">Mi chiamo Ivano Antonello, e faccio un lavoro che amo: <strong>creo tavoli e pezzi d\u2019arredo di design per il living<\/strong> <strong>e per la cucina<\/strong>, ideati e realizzati interamente in Italia. I primi passi li ho mossi nel mobilificio artigianale che mio padre ha fondato nel <strong>1963<\/strong>.<\/p>\n\n\n\n<p class=\"text-white\"><br>Oggi ho scelto di trasformare l\u2019eredit\u00e0 di un\u2019azienda artigiana di famiglia in un marchio che comunica <strong>l\u2019eccellenza dell\u2019arredo Made in italy al mondo<\/strong>. Un\u2019eccellenza fatta di creativit\u00e0 e innovazione, senza porre limiti alla sperimentazione di design e di materiali.<\/p>\n<a href=\"\/it\/chi-sono\/\" class=\"btn bottone\">Scopri di pi\u00f9<\/a><\/p>\n<\/div>\n\n\n\n<div class=\"wp-block-column is-layout-flow wp-block-column-is-layout-flow\">\n<div style=\"height:40px\" aria-hidden=\"true\" class=\"wp-block-spacer d-lg-none d-sm-block d-md-block\"><\/div>\n<img decoding=\"async\" alt=\"foto chi siamo\" src=\"\/wp-content\/uploads\/2020\/09\/home-chi-sono-img01-1.jpg\" class=\"float-right\">\n<\/div>\n<\/div>\n\n\n\n<div style=\"height:100px\" aria-hidden=\"true\" class=\"wp-block-spacer space-coll\"><\/div>\n\n\n\n<h2 class=\"wp-block-heading has-text-align-center\">COLLEZIONI<\/h2>\n\n\n\n<p class=\"has-text-align-center\">Se stai rinnovando casa. Se vuoi completare la cucina con tavoli, sedie o sgabelli.&nbsp;O semplicemente se vuoi<strong> dare ai tuoi spazi un\u2019aria diversa<\/strong>. <\/p>\n\n\n\n<p class=\"has-text-align-center\">Questo \u00e8 il momento di regalarti un pezzo d\u2019arredo IvanoAntonelloItalia. Parlane al tuo designer o chiedi adesso al tuo rivenditore: lo<strong> stile dell\u2019arredo italiano<\/strong> oggi si chiama per nome. <\/p>\n\n\n\n<p class=\"has-text-align-center\">Possiamo realizzare anche un tavolo personalizzato se ce lo chiedi.<\/p>\n\n\n\n<div style=\"height:50px\" aria-hidden=\"true\" class=\"wp-block-spacer\"><\/div>\n\n\n<div class=\"wc-block-grid wp-block-handpicked-products wc-block-handpicked-products has-4-columns has-multiple-rows prodotti\"><ul class=\"wc-block-grid__products\"><li class=\"wc-block-grid__product\">\n\t\t\t\t<a href=\"https:\/\/www.ivanoantonelloitalia.it\/it\/prodotto\/combi\/\" class=\"wc-block-grid__product-link\">\n\t\t\t\t\t<div class=\"wc-block-grid__product-image\"><img loading=\"lazy\" decoding=\"async\" width=\"385\" height=\"385\" src=\"https:\/\/www.ivanoantonelloitalia.it\/wp-content\/uploads\/2021\/02\/prodotto-dettaglio-combi-01-385x385.jpg\" class=\"attachment-woocommerce_thumbnail size-woocommerce_thumbnail\" alt=\"\" \/><\/div>\n\t\t\t\t\t<div class=\"wc-block-grid__product-title\">COMBI<\/div>\n\t\t\t\t<\/a>\n\t\t\t\t\n\t\t\t\t\n\t\t\t\t\n\t\t\t\t\n\t\t\t<\/li><li class=\"wc-block-grid__product\">\n\t\t\t\t<a href=\"https:\/\/www.ivanoantonelloitalia.it\/it\/prodotto\/zagor\/\" class=\"wc-block-grid__product-link\">\n\t\t\t\t\t<div class=\"wc-block-grid__product-image\"><img loading=\"lazy\" decoding=\"async\" width=\"385\" height=\"385\" src=\"https:\/\/www.ivanoantonelloitalia.it\/wp-content\/uploads\/2021\/02\/prodotto-dettaglio-zagor-385x385.jpg\" class=\"attachment-woocommerce_thumbnail size-woocommerce_thumbnail\" alt=\"\" \/><\/div>\n\t\t\t\t\t<div class=\"wc-block-grid__product-title\">ZAGOR<\/div>\n\t\t\t\t<\/a>\n\t\t\t\t\n\t\t\t\t\n\t\t\t\t\n\t\t\t\t\n\t\t\t<\/li><li class=\"wc-block-grid__product\">\n\t\t\t\t<a href=\"https:\/\/www.ivanoantonelloitalia.it\/it\/prodotto\/letizia-b\/\" class=\"wc-block-grid__product-link\">\n\t\t\t\t\t<div class=\"wc-block-grid__product-image\"><img loading=\"lazy\" decoding=\"async\" width=\"385\" height=\"385\" src=\"https:\/\/www.ivanoantonelloitalia.it\/wp-content\/uploads\/2021\/02\/prodotto-dettaglio-letizia-b-385x385.jpg\" class=\"attachment-woocommerce_thumbnail size-woocommerce_thumbnail\" alt=\"\" \/><\/div>\n\t\t\t\t\t<div class=\"wc-block-grid__product-title\">LETIZIA\/B<\/div>\n\t\t\t\t<\/a>\n\t\t\t\t\n\t\t\t\t\n\t\t\t\t\n\t\t\t\t\n\t\t\t<\/li><li class=\"wc-block-grid__product\">\n\t\t\t\t<a href=\"https:\/\/www.ivanoantonelloitalia.it\/it\/prodotto\/plaza\/\" class=\"wc-block-grid__product-link\">\n\t\t\t\t\t<div class=\"wc-block-grid__product-image\"><img loading=\"lazy\" decoding=\"async\" width=\"385\" height=\"385\" src=\"https:\/\/www.ivanoantonelloitalia.it\/wp-content\/uploads\/2020\/09\/prodotto-dettaglio-plaza-385x385.jpg\" class=\"attachment-woocommerce_thumbnail size-woocommerce_thumbnail\" alt=\"\" \/><\/div>\n\t\t\t\t\t<div class=\"wc-block-grid__product-title\">PLAZA<\/div>\n\t\t\t\t<\/a>\n\t\t\t\t\n\t\t\t\t\n\t\t\t\t\n\t\t\t\t\n\t\t\t<\/li><\/ul><\/div>\n\n\n<div class=\"mx-auto\" style=\"width:234px;\">\n<a href=\"https:\/\/www.ivanoantonelloitalia.it\/it\/categoria-prodotto\/tavoli-fissi\/\" class=\"btn bottone blu text-center\">Scopri le collezioni<\/a>\n<\/div>\n\n\n\n<div style=\"height:100px\" aria-hidden=\"true\" class=\"wp-block-spacer space-coll\"><\/div>\n\n\n\n<div class=\"wp-block-group home-deco-container has-background\" style=\"background-color:#fafafa\"><div class=\"wp-block-group__inner-container is-layout-constrained wp-block-group-is-layout-constrained\">\n<div class=\"wp-block-columns is-layout-flex wp-container-core-columns-is-layout-9d6595d7 wp-block-columns-is-layout-flex\">\n<div class=\"wp-block-column is-layout-flow wp-block-column-is-layout-flow\">\n<h2 class=\"wp-block-heading has-text-align-center\" style=\"text-transform:uppercase\">Rivenditore Ufficiale D\u00c9co<\/h2>\n\n\n\n<p class=\"has-text-align-center\"><strong>Un nuovo livello di eccellenza nel design degli interni e degli esterni.<\/strong><\/p>\n\n\n\n<p class=\"has-text-align-center\">Siamo entusiasti di annunciare la nostra partnership ufficiale con D\u00c9CO, un <strong>marchio italiano<\/strong> di rivestimenti che rappresenta l\u2019eccellenza assoluta.<br>IVANOANTONELLOITALIA \u00e8 il nuovo rivenditore ufficiale nella provincia di Verona, portando la <strong>qualit\u00e0 dei prodotti D\u00c9CO<\/strong> direttamente nelle tue mani.<br>Grazie all\u2019esperienza di Ivano Antonello e alla straordinaria qualit\u00e0 dei prodotti D\u00c9CO, possiamo creare ambienti unici e da sogno che <strong>ti lasceranno senza parole<\/strong>!<\/p>\n<\/div>\n<\/div>\n\n\n\n<div class=\"wp-block-columns is-layout-flex wp-container-core-columns-is-layout-9d6595d7 wp-block-columns-is-layout-flex\">\n<div class=\"wp-block-column home-deco-box-cont is-layout-flow wp-block-column-is-layout-flow\">\n<div class=\"home-deco-box\">\n    <img decoding=\"async\" class=\"home-deco-box-img\" src=\"\/wp-content\/uploads\/2023\/11\/clap3d-img01.jpg\" alt=\"D\u00e8co\">\n    <div class=\"home-deco-box-content\">\n        <div class=\"home-deco-box-title\">Clap!3D<\/div>\n        <a href=\"https:\/\/www.decodecking.it\/it\/rivestimenti-indoor\/\" class=\"home-deco-box-link\" target=\"_blank\" rel=\"noopener\">scopri di pi\u00f9<i class=\"fas fa-chevron-right\"><\/i><\/a>\n    <\/div>\n<\/div>\n<div class=\"home-deco-box\">\n    <img decoding=\"async\" class=\"home-deco-box-img\" src=\"\/wp-content\/uploads\/2023\/11\/clapgo-img01.jpg\" alt=\"D\u00e8co\">\n    <div class=\"home-deco-box-content\">\n        <div class=\"home-deco-box-title\">Clap!GO<\/div>\n        <a href=\"https:\/\/www.decodecking.it\/it\/rivestimenti-indoor\/\" class=\"home-deco-box-link\" target=\"_blank\" rel=\"noopener\">scopri di pi\u00f9<i class=\"fas fa-chevron-right\"><\/i><\/a>\n    <\/div>\n<\/div>\n<div class=\"home-deco-box\">\n    <img decoding=\"async\" class=\"home-deco-box-img\" src=\"\/wp-content\/uploads\/2023\/11\/moove-img02.jpg\" alt=\"D\u00e8co\">\n    <div class=\"home-deco-box-content\">\n        <div class=\"home-deco-box-title\">Moove<\/div>\n        <a href=\"https:\/\/www.decodecking.it\/it\/rivestimenti-indoor-generale\/moove-urban\/\" class=\"home-deco-box-link\" target=\"_blank\" rel=\"noopener\">scopri di pi\u00f9<i class=\"fas fa-chevron-right\"><\/i><\/a>\n    <\/div>\n<\/div>\n<div class=\"home-deco-box\">\n    <img decoding=\"async\" class=\"home-deco-box-img\" src=\"\/wp-content\/uploads\/2023\/11\/moove-img01.jpg\" alt=\"D\u00e8co\">\n    <div class=\"home-deco-box-content\">\n        <div class=\"home-deco-box-title\">Moove<\/div>\n        <a href=\"https:\/\/www.decodecking.it\/it\/rivestimenti-indoor-generale\/moove-urban\/\" class=\"home-deco-box-link\" target=\"_blank\" rel=\"noopener\">scopri di pi\u00f9<i class=\"fas fa-chevron-right\"><\/i><\/a>\n    <\/div>\n<\/div>\n<\/div>\n<\/div>\n\n\n\n<div class=\"wp-block-columns is-layout-flex wp-container-core-columns-is-layout-9d6595d7 wp-block-columns-is-layout-flex\">\n<div class=\"wp-block-column is-layout-flow wp-block-column-is-layout-flow\" style=\"flex-basis:100%\">\n<div class=\"mx-auto text-center\">\n<a href=\"\/rivenditore-ufficiale-deco\" class=\"btn bottone blu text-center\">SCOPRI le collezioni D\u00c9CO<\/a>\n<\/div>\n<\/div>\n<\/div>\n<\/div><\/div>\n","protected":false},"excerpt":{"rendered":"<p>ZAGOR Le sue linee decise attraggono la nostra attenzione e ne sono il segno distintivo. SCOPRI PRODOTTO KETTY La sedia KETTY \u00e8 pensata per soddisfare le esigenze dei clienti alla ricerca della comodit\u00e0. SCOPRI PRODOTTO RIALTO Incroci di geometrie ed eleganza caratterizzano il tavolo RIALTO. SCOPRI PRODOTTO MIA La sedia MIA nasce da un concetto [&hellip;]<\/p>\n","protected":false},"author":1,"featured_media":0,"parent":0,"menu_order":0,"comment_status":"closed","ping_status":"closed","template":"templates\/template-full-width.php","meta":{"footnotes":""},"class_list":["post-2","page","type-page","status-publish","hentry"],"yoast_head":"<!-- This site is optimized with the Yoast SEO plugin v27.5 - https:\/\/yoast.com\/product\/yoast-seo-wordpress\/ -->\n<title>IvanoAntonelloItalia - Mobili e complementi per la casa<\/title>\n<meta name=\"description\" content=\"Ivano Antonello Italia crea tavoli e pezzi d\u2019arredo di design per il living e per la cucina, ideati e realizzati interamente in Italia.\" \/>\n<meta name=\"robots\" content=\"index, follow, max-snippet:-1, max-image-preview:large, max-video-preview:-1\" \/>\n<link rel=\"canonical\" href=\"https:\/\/www.ivanoantonelloitalia.it\/it\/\" \/>\n<meta property=\"og:locale\" content=\"it_IT\" \/>\n<meta property=\"og:type\" content=\"article\" \/>\n<meta property=\"og:title\" content=\"IvanoAntonelloItalia - Mobili e complementi per la casa\" \/>\n<meta property=\"og:description\" content=\"Ivano Antonello Italia crea tavoli e pezzi d\u2019arredo di design per il living e per la cucina, ideati e realizzati interamente in Italia.\" \/>\n<meta property=\"og:url\" content=\"https:\/\/www.ivanoantonelloitalia.it\/it\/\" \/>\n<meta property=\"og:site_name\" content=\"IvanoAntonelloItalia\" \/>\n<meta property=\"article:publisher\" content=\"https:\/\/www.facebook.com\/AntonelloItalia.Furniture\/\" \/>\n<meta property=\"article:modified_time\" content=\"2025-10-02T14:49:31+00:00\" \/>\n<meta property=\"og:image\" content=\"https:\/\/www.ivanoantonelloitalia.it\/wp-content\/uploads\/2021\/02\/delizia-img03.jpg\" \/>\n\t<meta property=\"og:image:width\" content=\"797\" \/>\n\t<meta property=\"og:image:height\" content=\"900\" \/>\n\t<meta property=\"og:image:type\" content=\"image\/jpeg\" \/>\n<meta name=\"twitter:card\" content=\"summary_large_image\" \/>\n<script type=\"application\/ld+json\" class=\"yoast-schema-graph\">{\"@context\":\"https:\\\/\\\/schema.org\",\"@graph\":[{\"@type\":\"WebPage\",\"@id\":\"https:\\\/\\\/www.ivanoantonelloitalia.it\\\/it\\\/\",\"url\":\"https:\\\/\\\/www.ivanoantonelloitalia.it\\\/it\\\/\",\"name\":\"IvanoAntonelloItalia - Mobili e complementi per la casa\",\"isPartOf\":{\"@id\":\"https:\\\/\\\/www.ivanoantonelloitalia.it\\\/it\\\/#website\"},\"datePublished\":\"2020-08-26T08:28:08+00:00\",\"dateModified\":\"2025-10-02T14:49:31+00:00\",\"description\":\"Ivano Antonello Italia crea tavoli e pezzi d\u2019arredo di design per il living e per la cucina, ideati e realizzati interamente in Italia.\",\"breadcrumb\":{\"@id\":\"https:\\\/\\\/www.ivanoantonelloitalia.it\\\/it\\\/#breadcrumb\"},\"inLanguage\":\"it-IT\",\"potentialAction\":[{\"@type\":\"ReadAction\",\"target\":[\"https:\\\/\\\/www.ivanoantonelloitalia.it\\\/it\\\/\"]}]},{\"@type\":\"BreadcrumbList\",\"@id\":\"https:\\\/\\\/www.ivanoantonelloitalia.it\\\/it\\\/#breadcrumb\",\"itemListElement\":[{\"@type\":\"ListItem\",\"position\":1,\"name\":\"Home\",\"item\":\"https:\\\/\\\/www.ivanoantonelloitalia.it\\\/it\\\/\"},{\"@type\":\"ListItem\",\"position\":2,\"name\":\"Homepage\"}]},{\"@type\":\"WebSite\",\"@id\":\"https:\\\/\\\/www.ivanoantonelloitalia.it\\\/it\\\/#website\",\"url\":\"https:\\\/\\\/www.ivanoantonelloitalia.it\\\/it\\\/\",\"name\":\"IvanoAntonelloItalia\",\"description\":\"Mobili e complementi per la casa\",\"publisher\":{\"@id\":\"https:\\\/\\\/www.ivanoantonelloitalia.it\\\/it\\\/#organization\"},\"potentialAction\":[{\"@type\":\"SearchAction\",\"target\":{\"@type\":\"EntryPoint\",\"urlTemplate\":\"https:\\\/\\\/www.ivanoantonelloitalia.it\\\/it\\\/?s={search_term_string}\"},\"query-input\":{\"@type\":\"PropertyValueSpecification\",\"valueRequired\":true,\"valueName\":\"search_term_string\"}}],\"inLanguage\":\"it-IT\"},{\"@type\":\"Organization\",\"@id\":\"https:\\\/\\\/www.ivanoantonelloitalia.it\\\/it\\\/#organization\",\"name\":\"IvanoAntonelloItalia\",\"url\":\"https:\\\/\\\/www.ivanoantonelloitalia.it\\\/it\\\/\",\"logo\":{\"@type\":\"ImageObject\",\"inLanguage\":\"it-IT\",\"@id\":\"https:\\\/\\\/www.ivanoantonelloitalia.it\\\/it\\\/#\\\/schema\\\/logo\\\/image\\\/\",\"url\":\"https:\\\/\\\/www.ivanoantonelloitalia.it\\\/wp-content\\\/uploads\\\/2020\\\/09\\\/logo-provvisorio02.png\",\"contentUrl\":\"https:\\\/\\\/www.ivanoantonelloitalia.it\\\/wp-content\\\/uploads\\\/2020\\\/09\\\/logo-provvisorio02.png\",\"width\":500,\"height\":47,\"caption\":\"IvanoAntonelloItalia\"},\"image\":{\"@id\":\"https:\\\/\\\/www.ivanoantonelloitalia.it\\\/it\\\/#\\\/schema\\\/logo\\\/image\\\/\"},\"sameAs\":[\"https:\\\/\\\/www.facebook.com\\\/AntonelloItalia.Furniture\\\/\",\"https:\\\/\\\/it.linkedin.com\\\/in\\\/antonelloitalia\"]}]}<\/script>\n<!-- \/ Yoast SEO plugin. -->","yoast_head_json":{"title":"IvanoAntonelloItalia - Mobili e complementi per la casa","description":"Ivano Antonello Italia crea tavoli e pezzi d\u2019arredo di design per il living e per la cucina, ideati e realizzati interamente in Italia.","robots":{"index":"index","follow":"follow","max-snippet":"max-snippet:-1","max-image-preview":"max-image-preview:large","max-video-preview":"max-video-preview:-1"},"canonical":"https:\/\/www.ivanoantonelloitalia.it\/it\/","og_locale":"it_IT","og_type":"article","og_title":"IvanoAntonelloItalia - Mobili e complementi per la casa","og_description":"Ivano Antonello Italia crea tavoli e pezzi d\u2019arredo di design per il living e per la cucina, ideati e realizzati interamente in Italia.","og_url":"https:\/\/www.ivanoantonelloitalia.it\/it\/","og_site_name":"IvanoAntonelloItalia","article_publisher":"https:\/\/www.facebook.com\/AntonelloItalia.Furniture\/","article_modified_time":"2025-10-02T14:49:31+00:00","og_image":[{"width":797,"height":900,"url":"https:\/\/www.ivanoantonelloitalia.it\/wp-content\/uploads\/2021\/02\/delizia-img03.jpg","type":"image\/jpeg"}],"twitter_card":"summary_large_image","schema":{"@context":"https:\/\/schema.org","@graph":[{"@type":"WebPage","@id":"https:\/\/www.ivanoantonelloitalia.it\/it\/","url":"https:\/\/www.ivanoantonelloitalia.it\/it\/","name":"IvanoAntonelloItalia - Mobili e complementi per la casa","isPartOf":{"@id":"https:\/\/www.ivanoantonelloitalia.it\/it\/#website"},"datePublished":"2020-08-26T08:28:08+00:00","dateModified":"2025-10-02T14:49:31+00:00","description":"Ivano Antonello Italia crea tavoli e pezzi d\u2019arredo di design per il living e per la cucina, ideati e realizzati interamente in Italia.","breadcrumb":{"@id":"https:\/\/www.ivanoantonelloitalia.it\/it\/#breadcrumb"},"inLanguage":"it-IT","potentialAction":[{"@type":"ReadAction","target":["https:\/\/www.ivanoantonelloitalia.it\/it\/"]}]},{"@type":"BreadcrumbList","@id":"https:\/\/www.ivanoantonelloitalia.it\/it\/#breadcrumb","itemListElement":[{"@type":"ListItem","position":1,"name":"Home","item":"https:\/\/www.ivanoantonelloitalia.it\/it\/"},{"@type":"ListItem","position":2,"name":"Homepage"}]},{"@type":"WebSite","@id":"https:\/\/www.ivanoantonelloitalia.it\/it\/#website","url":"https:\/\/www.ivanoantonelloitalia.it\/it\/","name":"IvanoAntonelloItalia","description":"Mobili e complementi per la casa","publisher":{"@id":"https:\/\/www.ivanoantonelloitalia.it\/it\/#organization"},"potentialAction":[{"@type":"SearchAction","target":{"@type":"EntryPoint","urlTemplate":"https:\/\/www.ivanoantonelloitalia.it\/it\/?s={search_term_string}"},"query-input":{"@type":"PropertyValueSpecification","valueRequired":true,"valueName":"search_term_string"}}],"inLanguage":"it-IT"},{"@type":"Organization","@id":"https:\/\/www.ivanoantonelloitalia.it\/it\/#organization","name":"IvanoAntonelloItalia","url":"https:\/\/www.ivanoantonelloitalia.it\/it\/","logo":{"@type":"ImageObject","inLanguage":"it-IT","@id":"https:\/\/www.ivanoantonelloitalia.it\/it\/#\/schema\/logo\/image\/","url":"https:\/\/www.ivanoantonelloitalia.it\/wp-content\/uploads\/2020\/09\/logo-provvisorio02.png","contentUrl":"https:\/\/www.ivanoantonelloitalia.it\/wp-content\/uploads\/2020\/09\/logo-provvisorio02.png","width":500,"height":47,"caption":"IvanoAntonelloItalia"},"image":{"@id":"https:\/\/www.ivanoantonelloitalia.it\/it\/#\/schema\/logo\/image\/"},"sameAs":["https:\/\/www.facebook.com\/AntonelloItalia.Furniture\/","https:\/\/it.linkedin.com\/in\/antonelloitalia"]}]}},"_links":{"self":[{"href":"https:\/\/www.ivanoantonelloitalia.it\/it\/wp-json\/wp\/v2\/pages\/2","targetHints":{"allow":["GET"]}}],"collection":[{"href":"https:\/\/www.ivanoantonelloitalia.it\/it\/wp-json\/wp\/v2\/pages"}],"about":[{"href":"https:\/\/www.ivanoantonelloitalia.it\/it\/wp-json\/wp\/v2\/types\/page"}],"author":[{"embeddable":true,"href":"https:\/\/www.ivanoantonelloitalia.it\/it\/wp-json\/wp\/v2\/users\/1"}],"replies":[{"embeddable":true,"href":"https:\/\/www.ivanoantonelloitalia.it\/it\/wp-json\/wp\/v2\/comments?post=2"}],"version-history":[{"count":178,"href":"https:\/\/www.ivanoantonelloitalia.it\/it\/wp-json\/wp\/v2\/pages\/2\/revisions"}],"predecessor-version":[{"id":2256,"href":"https:\/\/www.ivanoantonelloitalia.it\/it\/wp-json\/wp\/v2\/pages\/2\/revisions\/2256"}],"wp:attachment":[{"href":"https:\/\/www.ivanoantonelloitalia.it\/it\/wp-json\/wp\/v2\/media?parent=2"}],"curies":[{"name":"wp","href":"https:\/\/api.w.org\/{rel}","templated":true}]}}